{"id":1849,"date":"2023-04-13T00:43:29","date_gmt":"2023-04-12T22:43:29","guid":{"rendered":"https:\/\/eurostaklo.hr\/o-nama\/"},"modified":"2023-08-17T15:26:46","modified_gmt":"2023-08-17T13:26:46","slug":"uber-uns","status":"publish","type":"page","link":"https:\/\/eurostaklo.hr\/de\/uber-uns\/","title":{"rendered":"\u00dcber uns"},"content":{"rendered":"<div class=\"wpb-content-wrapper\"><p>[vc_section full_width=&#8220;stretch_row&#8220; woodmart_bg_position=&#8220;center-center&#8220; css=&#8220;.vc_custom_1688067114523{padding-top: 75px !important;background-image: url(https:\/\/eurostaklo.hr\/wp-content\/uploads\/2023\/04\/jewellery-vertical-line-bg.png?id=) !important;background-position: 0 0 !important;background-repeat: repeat !important;}&#8220; woodmart_css_id=&#8220;649ddc23ca98a&#8220; responsive_spacing=&#8220;eyJwYXJhbV90eXBlIjoid29vZG1hcnRfcmVzcG9uc2l2ZV9zcGFjaW5nIiwic2VsZWN0b3JfaWQiOiI2NDlkZGMyM2NhOThhIiwic2hvcnRjb2RlIjoidmNfc2VjdGlvbiIsImRhdGEiOnsidGFibGV0Ijp7fSwibW9iaWxlIjp7InBhZGRpbmctdG9wIjoiMjBweCJ9fX0=&#8220; mobile_bg_img_hidden=&#8220;yes&#8220; tablet_bg_img_hidden=&#8220;no&#8220; woodmart_parallax=&#8220;0&#8243; woodmart_gradient_switch=&#8220;no&#8220; woodmart_disable_overflow=&#8220;0&#8243; woodmart_box_shadow=&#8220;no&#8220; wd_z_index=&#8220;no&#8220;][vc_row full_width=&#8220;stretch_row&#8220; content_placement=&#8220;middle&#8220; woodmart_bg_position=&#8220;center-center&#8220; css=&#8220;.vc_custom_1681853572057{margin-bottom: 35px !important;background-position: 0 0 !important;background-repeat: no-repeat !important;}&#8220; woodmart_css_id=&#8220;643f0c7e125c0&#8243; responsive_spacing=&#8220;eyJwYXJhbV90eXBlIjoid29vZG1hcnRfcmVzcG9uc2l2ZV9zcGFjaW5nIiwic2VsZWN0b3JfaWQiOiI2NDNmMGM3ZTEyNWMwIiwic2hvcnRjb2RlIjoidmNfcm93IiwiZGF0YSI6eyJ0YWJsZXQiOnt9LCJtb2JpbGUiOnsibWFyZ2luLWJvdHRvbSI6IjI1cHgifX19&#8243; mobile_bg_img_hidden=&#8220;no&#8220; tablet_bg_img_hidden=&#8220;no&#8220; woodmart_parallax=&#8220;0&#8243; woodmart_gradient_switch=&#8220;no&#8220; row_reverse_mobile=&#8220;0&#8243; row_reverse_tablet=&#8220;0&#8243; woodmart_disable_overflow=&#8220;0&#8243; woodmart_box_shadow=&#8220;no&#8220; wd_z_index=&#8220;no&#8220;][vc_column width=&#8220;1\/2&#8243; css=&#8220;.vc_custom_1628163838260{margin-bottom: 40px !important;padding-top: 0px !important;}&#8220; woodmart_css_id=&#8220;610bcef8f0d90&#8243; responsive_spacing=&#8220;eyJwYXJhbV90eXBlIjoid29vZG1hcnRfcmVzcG9uc2l2ZV9zcGFjaW5nIiwic2VsZWN0b3JfaWQiOiI2MTBiY2VmOGYwZDkwIiwic2hvcnRjb2RlIjoidmNfY29sdW1uIiwiZGF0YSI6eyJ0YWJsZXQiOnt9LCJtb2JpbGUiOnt9fX0=&#8220; parallax_scroll=&#8220;no&#8220; mobile_bg_img_hidden=&#8220;no&#8220; tablet_bg_img_hidden=&#8220;no&#8220; woodmart_parallax=&#8220;0&#8243; woodmart_sticky_column=&#8220;false&#8220; mobile_reset_margin=&#8220;no&#8220; tablet_reset_margin=&#8220;no&#8220;]\t\t<div id=\"wd-649b361dc1861\" class=\"wd-image wd-wpb wd-rs-649b361dc1861 text-center vc_custom_1687893555930\">\n\t\t\t\n\t\t\t<img loading=\"lazy\" decoding=\"async\" width=\"624\" height=\"500\" src=\"https:\/\/eurostaklo.hr\/wp-content\/uploads\/2023\/06\/o-nama-3.jpg\" class=\"attachment-full size-full\" alt=\"eurostaklo_o nama\" srcset=\"https:\/\/eurostaklo.hr\/wp-content\/uploads\/2023\/06\/o-nama-3.jpg 624w, https:\/\/eurostaklo.hr\/wp-content\/uploads\/2023\/06\/o-nama-3-300x240.jpg 300w\" sizes=\"auto, (max-width: 624px) 100vw, 624px\" \/>\n\t\t\t\t\t<\/div>\n\t\t[\/vc_column][vc_column width=&#8220;1\/2&#8243; woodmart_text_align=&#8220;center&#8220; css=&#8220;.vc_custom_1628163844572{margin-bottom: 30px !important;padding-top: 0px !important;}&#8220; woodmart_css_id=&#8220;610bcf006bac5&#8243; responsive_spacing=&#8220;eyJwYXJhbV90eXBlIjoid29vZG1hcnRfcmVzcG9uc2l2ZV9zcGFjaW5nIiwic2VsZWN0b3JfaWQiOiI2MTBiY2YwMDZiYWM1Iiwic2hvcnRjb2RlIjoidmNfY29sdW1uIiwiZGF0YSI6eyJ0YWJsZXQiOnt9LCJtb2JpbGUiOnt9fX0=&#8220; parallax_scroll=&#8220;no&#8220; mobile_bg_img_hidden=&#8220;no&#8220; tablet_bg_img_hidden=&#8220;no&#8220; woodmart_parallax=&#8220;0&#8243; woodmart_sticky_column=&#8220;false&#8220; mobile_reset_margin=&#8220;no&#8220; tablet_reset_margin=&#8220;no&#8220;]\t\t\t<link rel=\"stylesheet\" id=\"wd-section-title-css\" href=\"https:\/\/eurostaklo.hr\/wp-content\/themes\/woodmart\/css\/parts\/el-section-title.min.css?ver=7.5.1\" type=\"text\/css\" media=\"all\" \/> \t\t\t\t\t\t<link rel=\"stylesheet\" id=\"wd-mod-highlighted-text-css\" href=\"https:\/\/eurostaklo.hr\/wp-content\/themes\/woodmart\/css\/parts\/mod-highlighted-text.min.css?ver=7.5.1\" type=\"text\/css\" media=\"all\" \/> \t\t\t\n\t\t<div id=\"wd-64de1fe360e2c\" class=\"title-wrapper wd-wpb set-mb-s reset-last-child  wd-rs-64de1fe360e2c wd-title-color-default wd-title-style-default text-center vc_custom_1692278797985 wd-width-custom wd-underline-colored\">\n\t\t\t\t\t\t\t<div class=\"title-subtitle  subtitle-color-default font-default subtitle-style-default wd-font-weight- wd-fontsize-xs\">EUROSTAKLO d.o.o.<\/div>\n\t\t\t\n\t\t\t<div class=\"liner-continer\">\n\t\t\t\t<h4 class=\"woodmart-title-container title  wd-font-weight- wd-fontsize-l\" >\u00dcBER UNS<\/h4>\n\t\t\t\t\t\t\t<\/div>\n\t\t\t\n\t\t\t\t\t\t\t<div class=\"title-after_title  set-cont-mb-s reset-last-child  wd-fontsize-xs\">Die Tradition der Glaserei, l\u00e4nger als 40 Jahre zusammen mit konstantem Investieren in die Technologie und Menschen, hat uns zu einer Ebene der Qualit\u00e4t und Verantwortlichkeit gebracht, auf die wir stolz sind.<\/p>\n<p>Damit wir diese hohe Ebene der Qualit\u00e4t aufrechterhalten, haben wir sorgf\u00e4ltig die Lieferanten aller Komponenten unserer Produkte ausgew\u00e4hlt und mit ihnen Partnerverh\u00e4ltnisse entwickelt.<\/p>\n<p>Mit gemeinsamen Kr\u00e4ften und Wissen bieten wir nicht nur Produkte hervorragender Qualit\u00e4t an, sondern auch Informieren und Beratung \u00fcber dieselben. Wenden Sie sich mit Vertrauen an uns, und wir werden unser Bestes geben, damit wir Ihre Bed\u00fcrfnisse und W\u00fcnsche befriedigen.<\/div>\n\t\t\t\n\t\t\t\n\t\t<\/div>\n\t\t\n\t\t<div id=\"wd-64de1ede78283\" class=\" wd-rs-64de1ede78283  wd-button-wrapper text-center inline-element\"><a href=\"\/de\/dienstleistungen\/\" title=\"\" class=\"btn btn-color-black btn-style-default btn-style-semi-round btn-size-default\">UNSERE DIENSTLEISTUNGEN<\/a><\/div><div id=\"wd-64de1f024b98b\" class=\" wd-rs-64de1f024b98b  wd-button-wrapper text-center inline-element\"><a href=\"\/de\/glaser\/\" title=\"\" class=\"btn btn-color-default btn-style-bordered btn-style-semi-round btn-size-default\">GL\u00c4SER<\/a><\/div>[\/vc_column][\/vc_row][\/vc_section]<\/p>\n<\/div>","protected":false},"excerpt":{"rendered":"<p>[vc_section full_width=&#8220;stretch_row&#8220; woodmart_bg_position=&#8220;center-center&#8220; css=&#8220;.vc_custom_1688067114523{padding-top: 75px !important;background-image: url(https:\/\/eurostaklo.hr\/wp-content\/uploads\/2023\/04\/jewellery-vertical-line-bg.png?id=) !important;background-position: 0 0 !important;background-repeat: repeat !important;}&#8220; woodmart_css_id=&#8220;649ddc23ca98a&#8220; responsive_spacing=&#8220;eyJwYXJhbV90eXBlIjoid29vZG1hcnRfcmVzcG9uc2l2ZV9zcGFjaW5nIiwic2VsZWN0b3JfaWQiOiI2NDlkZGMyM2NhOThhIiwic2hvcnRjb2RlIjoidmNfc2VjdGlvbiIsImRhdGEiOnsidGFibGV0Ijp7fSwibW9iaWxlIjp7InBhZGRpbmctdG9wIjoiMjBweCJ9fX0=&#8220; mobile_bg_img_hidden=&#8220;yes&#8220; tablet_bg_img_hidden=&#8220;no&#8220; woodmart_parallax=&#8220;0&#8243; woodmart_gradient_switch=&#8220;no&#8220; woodmart_disable_overflow=&#8220;0&#8243;<\/p>\n","protected":false},"author":1,"featured_media":0,"parent":0,"menu_order":0,"comment_status":"closed","ping_status":"closed","template":"","meta":{"footnotes":""},"class_list":["post-1849","page","type-page","status-publish","hentry"],"yoast_head":"<!-- This site is optimized with the Yoast SEO plugin v26.3 - https:\/\/yoast.com\/wordpress\/plugins\/seo\/ -->\n<title>\u00dcber uns - eurostaklo.hr<\/title>\n<meta name=\"robots\" content=\"index, follow, max-snippet:-1, max-image-preview:large, max-video-preview:-1\" \/>\n<link rel=\"canonical\" href=\"https:\/\/eurostaklo.hr\/de\/uber-uns\/\" \/>\n<meta property=\"og:locale\" content=\"de_DE\" \/>\n<meta property=\"og:type\" content=\"article\" \/>\n<meta property=\"og:title\" content=\"\u00dcber uns - eurostaklo.hr\" \/>\n<meta property=\"og:description\" content=\"[vc_section full_width=&#8220;stretch_row&#8220; woodmart_bg_position=&#8220;center-center&#8220; css=&#8220;.vc_custom_1688067114523{padding-top: 75px !important;background-image: url(https:\/\/eurostaklo.hr\/wp-content\/uploads\/2023\/04\/jewellery-vertical-line-bg.png?id=) !important;background-position: 0 0 !important;background-repeat: repeat !important;}&#8220; woodmart_css_id=&#8220;649ddc23ca98a&#8220; responsive_spacing=&#8220;eyJwYXJhbV90eXBlIjoid29vZG1hcnRfcmVzcG9uc2l2ZV9zcGFjaW5nIiwic2VsZWN0b3JfaWQiOiI2NDlkZGMyM2NhOThhIiwic2hvcnRjb2RlIjoidmNfc2VjdGlvbiIsImRhdGEiOnsidGFibGV0Ijp7fSwibW9iaWxlIjp7InBhZGRpbmctdG9wIjoiMjBweCJ9fX0=&#8220; mobile_bg_img_hidden=&#8220;yes&#8220; tablet_bg_img_hidden=&#8220;no&#8220; woodmart_parallax=&#8220;0&#8243; woodmart_gradient_switch=&#8220;no&#8220; woodmart_disable_overflow=&#8220;0&#8243;\" \/>\n<meta property=\"og:url\" content=\"https:\/\/eurostaklo.hr\/de\/uber-uns\/\" \/>\n<meta property=\"og:site_name\" content=\"eurostaklo.hr\" \/>\n<meta property=\"article:modified_time\" content=\"2023-08-17T13:26:46+00:00\" \/>\n<meta name=\"twitter:card\" content=\"summary_large_image\" \/>\n<meta name=\"twitter:label1\" content=\"Gesch\u00e4tzte Lesezeit\" \/>\n\t<meta name=\"twitter:data1\" content=\"2\u00a0Minuten\" \/>\n<script type=\"application\/ld+json\" class=\"yoast-schema-graph\">{\"@context\":\"https:\/\/schema.org\",\"@graph\":[{\"@type\":\"WebPage\",\"@id\":\"https:\/\/eurostaklo.hr\/de\/uber-uns\/\",\"url\":\"https:\/\/eurostaklo.hr\/de\/uber-uns\/\",\"name\":\"\u00dcber uns - eurostaklo.hr\",\"isPartOf\":{\"@id\":\"https:\/\/eurostaklo.hr\/#website\"},\"datePublished\":\"2023-04-12T22:43:29+00:00\",\"dateModified\":\"2023-08-17T13:26:46+00:00\",\"breadcrumb\":{\"@id\":\"https:\/\/eurostaklo.hr\/de\/uber-uns\/#breadcrumb\"},\"inLanguage\":\"de\",\"potentialAction\":[{\"@type\":\"ReadAction\",\"target\":[\"https:\/\/eurostaklo.hr\/de\/uber-uns\/\"]}]},{\"@type\":\"BreadcrumbList\",\"@id\":\"https:\/\/eurostaklo.hr\/de\/uber-uns\/#breadcrumb\",\"itemListElement\":[{\"@type\":\"ListItem\",\"position\":1,\"name\":\"Home\",\"item\":\"https:\/\/eurostaklo.hr\/de\/\"},{\"@type\":\"ListItem\",\"position\":2,\"name\":\"\u00dcber uns\"}]},{\"@type\":\"WebSite\",\"@id\":\"https:\/\/eurostaklo.hr\/#website\",\"url\":\"https:\/\/eurostaklo.hr\/\",\"name\":\"eurostaklo.hr\",\"description\":\"Feel The Glass\",\"publisher\":{\"@id\":\"https:\/\/eurostaklo.hr\/#organization\"},\"potentialAction\":[{\"@type\":\"SearchAction\",\"target\":{\"@type\":\"EntryPoint\",\"urlTemplate\":\"https:\/\/eurostaklo.hr\/?s={search_term_string}\"},\"query-input\":{\"@type\":\"PropertyValueSpecification\",\"valueRequired\":true,\"valueName\":\"search_term_string\"}}],\"inLanguage\":\"de\"},{\"@type\":\"Organization\",\"@id\":\"https:\/\/eurostaklo.hr\/#organization\",\"name\":\"eurostaklo.hr\",\"url\":\"https:\/\/eurostaklo.hr\/\",\"logo\":{\"@type\":\"ImageObject\",\"inLanguage\":\"de\",\"@id\":\"https:\/\/eurostaklo.hr\/#\/schema\/logo\/image\/\",\"url\":\"https:\/\/eurostaklo.hr\/wp-content\/uploads\/2023\/04\/eurostaklo-logo-png.png\",\"contentUrl\":\"https:\/\/eurostaklo.hr\/wp-content\/uploads\/2023\/04\/eurostaklo-logo-png.png\",\"width\":400,\"height\":84,\"caption\":\"eurostaklo.hr\"},\"image\":{\"@id\":\"https:\/\/eurostaklo.hr\/#\/schema\/logo\/image\/\"},\"sameAs\":[\"https:\/\/www.instagram.com\/eurostaklo\/\"]}]}<\/script>\n<!-- \/ Yoast SEO plugin. -->","yoast_head_json":{"title":"\u00dcber uns - eurostaklo.hr","robots":{"index":"index","follow":"follow","max-snippet":"max-snippet:-1","max-image-preview":"max-image-preview:large","max-video-preview":"max-video-preview:-1"},"canonical":"https:\/\/eurostaklo.hr\/de\/uber-uns\/","og_locale":"de_DE","og_type":"article","og_title":"\u00dcber uns - eurostaklo.hr","og_description":"[vc_section full_width=&#8220;stretch_row&#8220; woodmart_bg_position=&#8220;center-center&#8220; css=&#8220;.vc_custom_1688067114523{padding-top: 75px !important;background-image: url(https:\/\/eurostaklo.hr\/wp-content\/uploads\/2023\/04\/jewellery-vertical-line-bg.png?id=) !important;background-position: 0 0 !important;background-repeat: repeat !important;}&#8220; woodmart_css_id=&#8220;649ddc23ca98a&#8220; responsive_spacing=&#8220;eyJwYXJhbV90eXBlIjoid29vZG1hcnRfcmVzcG9uc2l2ZV9zcGFjaW5nIiwic2VsZWN0b3JfaWQiOiI2NDlkZGMyM2NhOThhIiwic2hvcnRjb2RlIjoidmNfc2VjdGlvbiIsImRhdGEiOnsidGFibGV0Ijp7fSwibW9iaWxlIjp7InBhZGRpbmctdG9wIjoiMjBweCJ9fX0=&#8220; mobile_bg_img_hidden=&#8220;yes&#8220; tablet_bg_img_hidden=&#8220;no&#8220; woodmart_parallax=&#8220;0&#8243; woodmart_gradient_switch=&#8220;no&#8220; woodmart_disable_overflow=&#8220;0&#8243;","og_url":"https:\/\/eurostaklo.hr\/de\/uber-uns\/","og_site_name":"eurostaklo.hr","article_modified_time":"2023-08-17T13:26:46+00:00","twitter_card":"summary_large_image","twitter_misc":{"Gesch\u00e4tzte Lesezeit":"2\u00a0Minuten"},"schema":{"@context":"https:\/\/schema.org","@graph":[{"@type":"WebPage","@id":"https:\/\/eurostaklo.hr\/de\/uber-uns\/","url":"https:\/\/eurostaklo.hr\/de\/uber-uns\/","name":"\u00dcber uns - eurostaklo.hr","isPartOf":{"@id":"https:\/\/eurostaklo.hr\/#website"},"datePublished":"2023-04-12T22:43:29+00:00","dateModified":"2023-08-17T13:26:46+00:00","breadcrumb":{"@id":"https:\/\/eurostaklo.hr\/de\/uber-uns\/#breadcrumb"},"inLanguage":"de","potentialAction":[{"@type":"ReadAction","target":["https:\/\/eurostaklo.hr\/de\/uber-uns\/"]}]},{"@type":"BreadcrumbList","@id":"https:\/\/eurostaklo.hr\/de\/uber-uns\/#breadcrumb","itemListElement":[{"@type":"ListItem","position":1,"name":"Home","item":"https:\/\/eurostaklo.hr\/de\/"},{"@type":"ListItem","position":2,"name":"\u00dcber uns"}]},{"@type":"WebSite","@id":"https:\/\/eurostaklo.hr\/#website","url":"https:\/\/eurostaklo.hr\/","name":"eurostaklo.hr","description":"Feel The Glass","publisher":{"@id":"https:\/\/eurostaklo.hr\/#organization"},"potentialAction":[{"@type":"SearchAction","target":{"@type":"EntryPoint","urlTemplate":"https:\/\/eurostaklo.hr\/?s={search_term_string}"},"query-input":{"@type":"PropertyValueSpecification","valueRequired":true,"valueName":"search_term_string"}}],"inLanguage":"de"},{"@type":"Organization","@id":"https:\/\/eurostaklo.hr\/#organization","name":"eurostaklo.hr","url":"https:\/\/eurostaklo.hr\/","logo":{"@type":"ImageObject","inLanguage":"de","@id":"https:\/\/eurostaklo.hr\/#\/schema\/logo\/image\/","url":"https:\/\/eurostaklo.hr\/wp-content\/uploads\/2023\/04\/eurostaklo-logo-png.png","contentUrl":"https:\/\/eurostaklo.hr\/wp-content\/uploads\/2023\/04\/eurostaklo-logo-png.png","width":400,"height":84,"caption":"eurostaklo.hr"},"image":{"@id":"https:\/\/eurostaklo.hr\/#\/schema\/logo\/image\/"},"sameAs":["https:\/\/www.instagram.com\/eurostaklo\/"]}]}},"_links":{"self":[{"href":"https:\/\/eurostaklo.hr\/de\/wp-json\/wp\/v2\/pages\/1849","targetHints":{"allow":["GET"]}}],"collection":[{"href":"https:\/\/eurostaklo.hr\/de\/wp-json\/wp\/v2\/pages"}],"about":[{"href":"https:\/\/eurostaklo.hr\/de\/wp-json\/wp\/v2\/types\/page"}],"author":[{"embeddable":true,"href":"https:\/\/eurostaklo.hr\/de\/wp-json\/wp\/v2\/users\/1"}],"replies":[{"embeddable":true,"href":"https:\/\/eurostaklo.hr\/de\/wp-json\/wp\/v2\/comments?post=1849"}],"version-history":[{"count":5,"href":"https:\/\/eurostaklo.hr\/de\/wp-json\/wp\/v2\/pages\/1849\/revisions"}],"predecessor-version":[{"id":1854,"href":"https:\/\/eurostaklo.hr\/de\/wp-json\/wp\/v2\/pages\/1849\/revisions\/1854"}],"wp:attachment":[{"href":"https:\/\/eurostaklo.hr\/de\/wp-json\/wp\/v2\/media?parent=1849"}],"curies":[{"name":"wp","href":"https:\/\/api.w.org\/{rel}","templated":true}]}}