{"id":1855,"date":"2023-04-11T21:56:20","date_gmt":"2023-04-11T19:56:20","guid":{"rendered":"https:\/\/eurostaklo.hr\/pravila-privatnosti\/"},"modified":"2023-08-17T15:32:50","modified_gmt":"2023-08-17T13:32:50","slug":"datenschutz-bestimmungen","status":"publish","type":"page","link":"https:\/\/eurostaklo.hr\/de\/datenschutz-bestimmungen\/","title":{"rendered":"Datenschutz-bestimmungen"},"content":{"rendered":"\n<p>Eurostaklo d.o.o., gem\u00e4\u00df der \u201eDatenschutzgrundverordnung\u201c (EU) Nr. 2016\/679 verpflichtet sich, die personenbezogenen Daten der Kunden zu sch\u00fctzen, indem nur die zur Erf\u00fcllung unserer Verpflichtungen erforderlichen grundlegenden Daten \u00fcber Kunden erhoben werden; informiert Kunden \u00fcber die Verwendung der erhobenen Daten, gibt Kunden regelm\u00e4\u00dfig Wahlm\u00f6glichkeiten \u00fcber die Verwendung ihrer Daten, einschlie\u00dflich der M\u00f6glichkeit zu entscheiden, ob ihr Name aus den Listen f\u00fcr Marketingkampagnen entfernt werden soll. Alle Benutzerdaten werden streng aufbewahrt und stehen nur Mitarbeitern zur Verf\u00fcgung, die diese Daten f\u00fcr ihre Arbeit ben\u00f6tigen. Alle Mitarbeiter Eurostaklo d.o.o. sind f\u00fcr die Einhaltung der Datenschutzgrunds\u00e4tze verantwortlich.<\/p>\n\n\n\n<p><strong>Korrekturen und Aktualisierungen personenbezogener Daten<\/strong><br>Wenn sich die pers\u00f6nlichen Daten des Benutzers (z. B. eine Postleitzahl) \u00e4ndern oder der Benutzer unseren Service nicht mehr ben\u00f6tigt, gestatten wir Ihnen, die von uns gespeicherten pers\u00f6nlichen Daten des Benutzers zu korrigieren, zu aktualisieren oder zu entfernen. Dies kann durch Senden einer E-Mail an info@eurostaklo.hr erfolgen.<\/p>\n\n\n\n<p><strong>Das Widerspruchsrecht<\/strong><br>Sollten Sie trotz aller getroffenen Ma\u00dfnahmen zum Schutz personenbezogener Daten der Ansicht sein, dass Sie Gr\u00fcnde f\u00fcr einen Widerspruch haben, k\u00f6nnen Sie sich gerne unter der E-Mail-Adresse info@eurostaklo.hr an uns wenden.<\/p>\n\n\n\n<p><strong>Regeln f\u00fcr den Umgang mit Cookies<\/strong><br>Ein Cookie sind Informationen, die eine Website auf dem Computer oder Mobilger\u00e4t eines Besuchers speichert. Das Cookie erm\u00f6glicht es der Website, sich an die Aktionen des Besuchers aus seinen Besuchen zu erinnern. Die meisten Browser erlauben die Verwendung von Cookies, der Benutzer kann jedoch jederzeit Cookies l\u00f6schen oder die Verwendung von Cookies im Browser verbieten. Die h\u00e4ufigsten Gr\u00fcnde f\u00fcr die Verwendung von Cookies sind die Benutzeridentifikation, das Speichern von Benutzereinstellungen, das Eingeben oder Anzeigen von Inhalten, die bereits bei fr\u00fcheren Besuchen eingegeben wurden, das Sammeln von Daten f\u00fcr Analysen und Werbekampagnen, um die bestm\u00f6gliche Benutzererfahrung zu bieten.<br>Bei der Verwendung von Cookies werden bestimmte Daten automatisch von Ihrem Computer erfasst, wenn Sie auf unsere Seite gelangen. Diese Informationen k\u00f6nnen Ihre IP-Adresse, Datum und Uhrzeit des Zugriffs, Informationen \u00fcber den Computertyp, das Betriebssystem, den von Ihnen verwendeten Browser, die Programmversionen und die Spracheinstellungen Ihres Computers umfassen. Wenn Sie auf die Website selbst zugreifen, sehen Sie eine Benachrichtigung \u00fcber die Verwendung von Cookies, die diese Informationen sammeln, und indem Sie auf das Feld \u201eCookies akzeptieren\u201c klicken, geben Sie uns Ihre Zustimmung zur Erfassung dieser Informationen. Wenn Sie die Zustimmung auf der Website nicht zulassen, werden diese Daten nicht erhoben, gespeichert oder verarbeitet.<br>Cookies k\u00f6nnen Session-Cookies sein \u2013 auf einem Computer gespeichert und sofort nach Schlie\u00dfen des Browsers gel\u00f6scht, und erm\u00f6glichen es der Website, vor\u00fcbergehend zu sammeln Daten wie Einkaufswagen oder Kommentare.<br>Dauerhafte Cookies \u2013 bleiben auf dem Computer, auch wenn der Browser geschlossen oder der Computer heruntergefahren wird, haben aber normalerweise ein Ablaufdatum.<br>Erstanbieter-Cookies, die von der Website stammen, die Sie besucht haben, kann vor\u00fcbergehend oder dauerhaft sein. Solche Cookies erm\u00f6glichen es der Website, die verwendeten Daten zu speichern, wenn der Benutzer die Website erneut besucht. Third-Party-Cookies sind Cookies, die von externen Diensten stammen, die begrenzte Cookies f\u00fcr den Benutzer speichern (Facebook, Instagram, Google Analytics, AdWords, etc\u2026) Diese Cookies werden vom Eurostaklo d.o.o. und gesetzt dienen als Interpretationshilfe f\u00fcr das Nutzerverhalten und f\u00fcr Marketingzwecke. Wenn Sie sich entscheiden, keine Cookies von der Website eurostaklo.hr zu akzeptieren, besteht die M\u00f6glichkeit, dass Sie bestimmte Funktionen unserer Website nicht nutzen k\u00f6nnen.<\/p>\n\n\n\n<p>Eurostaklo d.o.o.<br>Ul. bana J. Jela\u010di\u0107a 121<br>31421 Satnica \u0110akova\u010dka<br>Tel: +385 31 852 000<br>Email: info@eurostaklo.hr<\/p>\n","protected":false},"excerpt":{"rendered":"<p>Eurostaklo d.o.o., gem\u00e4\u00df der \u201eDatenschutzgrundverordnung\u201c (EU) Nr. 2016\/679 verpflichtet sich, die personenbezogenen Daten der Kunden zu sch\u00fctzen, indem nur die<\/p>\n","protected":false},"author":1,"featured_media":0,"parent":0,"menu_order":0,"comment_status":"closed","ping_status":"closed","template":"","meta":{"footnotes":""},"class_list":["post-1855","page","type-page","status-publish","hentry"],"yoast_head":"<!-- This site is optimized with the Yoast SEO plugin v26.3 - https:\/\/yoast.com\/wordpress\/plugins\/seo\/ -->\n<title>Datenschutz-bestimmungen - eurostaklo.hr<\/title>\n<meta name=\"robots\" content=\"index, follow, max-snippet:-1, max-image-preview:large, max-video-preview:-1\" \/>\n<link rel=\"canonical\" href=\"https:\/\/eurostaklo.hr\/de\/datenschutz-bestimmungen\/\" \/>\n<meta property=\"og:locale\" content=\"de_DE\" \/>\n<meta property=\"og:type\" content=\"article\" \/>\n<meta property=\"og:title\" content=\"Datenschutz-bestimmungen - eurostaklo.hr\" \/>\n<meta property=\"og:description\" content=\"Eurostaklo d.o.o., gem\u00e4\u00df der \u201eDatenschutzgrundverordnung\u201c (EU) Nr. 2016\/679 verpflichtet sich, die personenbezogenen Daten der Kunden zu sch\u00fctzen, indem nur die\" \/>\n<meta property=\"og:url\" content=\"https:\/\/eurostaklo.hr\/de\/datenschutz-bestimmungen\/\" \/>\n<meta property=\"og:site_name\" content=\"eurostaklo.hr\" \/>\n<meta property=\"article:modified_time\" content=\"2023-08-17T13:32:50+00:00\" \/>\n<meta name=\"twitter:card\" content=\"summary_large_image\" \/>\n<meta name=\"twitter:label1\" content=\"Gesch\u00e4tzte Lesezeit\" \/>\n\t<meta name=\"twitter:data1\" content=\"3\u00a0Minuten\" \/>\n<script type=\"application\/ld+json\" class=\"yoast-schema-graph\">{\"@context\":\"https:\/\/schema.org\",\"@graph\":[{\"@type\":\"WebPage\",\"@id\":\"https:\/\/eurostaklo.hr\/de\/datenschutz-bestimmungen\/\",\"url\":\"https:\/\/eurostaklo.hr\/de\/datenschutz-bestimmungen\/\",\"name\":\"Datenschutz-bestimmungen - eurostaklo.hr\",\"isPartOf\":{\"@id\":\"https:\/\/eurostaklo.hr\/#website\"},\"datePublished\":\"2023-04-11T19:56:20+00:00\",\"dateModified\":\"2023-08-17T13:32:50+00:00\",\"breadcrumb\":{\"@id\":\"https:\/\/eurostaklo.hr\/de\/datenschutz-bestimmungen\/#breadcrumb\"},\"inLanguage\":\"de\",\"potentialAction\":[{\"@type\":\"ReadAction\",\"target\":[\"https:\/\/eurostaklo.hr\/de\/datenschutz-bestimmungen\/\"]}]},{\"@type\":\"BreadcrumbList\",\"@id\":\"https:\/\/eurostaklo.hr\/de\/datenschutz-bestimmungen\/#breadcrumb\",\"itemListElement\":[{\"@type\":\"ListItem\",\"position\":1,\"name\":\"Home\",\"item\":\"https:\/\/eurostaklo.hr\/de\/\"},{\"@type\":\"ListItem\",\"position\":2,\"name\":\"Datenschutz-bestimmungen\"}]},{\"@type\":\"WebSite\",\"@id\":\"https:\/\/eurostaklo.hr\/#website\",\"url\":\"https:\/\/eurostaklo.hr\/\",\"name\":\"eurostaklo.hr\",\"description\":\"Feel The Glass\",\"publisher\":{\"@id\":\"https:\/\/eurostaklo.hr\/#organization\"},\"potentialAction\":[{\"@type\":\"SearchAction\",\"target\":{\"@type\":\"EntryPoint\",\"urlTemplate\":\"https:\/\/eurostaklo.hr\/?s={search_term_string}\"},\"query-input\":{\"@type\":\"PropertyValueSpecification\",\"valueRequired\":true,\"valueName\":\"search_term_string\"}}],\"inLanguage\":\"de\"},{\"@type\":\"Organization\",\"@id\":\"https:\/\/eurostaklo.hr\/#organization\",\"name\":\"eurostaklo.hr\",\"url\":\"https:\/\/eurostaklo.hr\/\",\"logo\":{\"@type\":\"ImageObject\",\"inLanguage\":\"de\",\"@id\":\"https:\/\/eurostaklo.hr\/#\/schema\/logo\/image\/\",\"url\":\"https:\/\/eurostaklo.hr\/wp-content\/uploads\/2023\/04\/eurostaklo-logo-png.png\",\"contentUrl\":\"https:\/\/eurostaklo.hr\/wp-content\/uploads\/2023\/04\/eurostaklo-logo-png.png\",\"width\":400,\"height\":84,\"caption\":\"eurostaklo.hr\"},\"image\":{\"@id\":\"https:\/\/eurostaklo.hr\/#\/schema\/logo\/image\/\"},\"sameAs\":[\"https:\/\/www.instagram.com\/eurostaklo\/\"]}]}<\/script>\n<!-- \/ Yoast SEO plugin. -->","yoast_head_json":{"title":"Datenschutz-bestimmungen - eurostaklo.hr","robots":{"index":"index","follow":"follow","max-snippet":"max-snippet:-1","max-image-preview":"max-image-preview:large","max-video-preview":"max-video-preview:-1"},"canonical":"https:\/\/eurostaklo.hr\/de\/datenschutz-bestimmungen\/","og_locale":"de_DE","og_type":"article","og_title":"Datenschutz-bestimmungen - eurostaklo.hr","og_description":"Eurostaklo d.o.o., gem\u00e4\u00df der \u201eDatenschutzgrundverordnung\u201c (EU) Nr. 2016\/679 verpflichtet sich, die personenbezogenen Daten der Kunden zu sch\u00fctzen, indem nur die","og_url":"https:\/\/eurostaklo.hr\/de\/datenschutz-bestimmungen\/","og_site_name":"eurostaklo.hr","article_modified_time":"2023-08-17T13:32:50+00:00","twitter_card":"summary_large_image","twitter_misc":{"Gesch\u00e4tzte Lesezeit":"3\u00a0Minuten"},"schema":{"@context":"https:\/\/schema.org","@graph":[{"@type":"WebPage","@id":"https:\/\/eurostaklo.hr\/de\/datenschutz-bestimmungen\/","url":"https:\/\/eurostaklo.hr\/de\/datenschutz-bestimmungen\/","name":"Datenschutz-bestimmungen - eurostaklo.hr","isPartOf":{"@id":"https:\/\/eurostaklo.hr\/#website"},"datePublished":"2023-04-11T19:56:20+00:00","dateModified":"2023-08-17T13:32:50+00:00","breadcrumb":{"@id":"https:\/\/eurostaklo.hr\/de\/datenschutz-bestimmungen\/#breadcrumb"},"inLanguage":"de","potentialAction":[{"@type":"ReadAction","target":["https:\/\/eurostaklo.hr\/de\/datenschutz-bestimmungen\/"]}]},{"@type":"BreadcrumbList","@id":"https:\/\/eurostaklo.hr\/de\/datenschutz-bestimmungen\/#breadcrumb","itemListElement":[{"@type":"ListItem","position":1,"name":"Home","item":"https:\/\/eurostaklo.hr\/de\/"},{"@type":"ListItem","position":2,"name":"Datenschutz-bestimmungen"}]},{"@type":"WebSite","@id":"https:\/\/eurostaklo.hr\/#website","url":"https:\/\/eurostaklo.hr\/","name":"eurostaklo.hr","description":"Feel The Glass","publisher":{"@id":"https:\/\/eurostaklo.hr\/#organization"},"potentialAction":[{"@type":"SearchAction","target":{"@type":"EntryPoint","urlTemplate":"https:\/\/eurostaklo.hr\/?s={search_term_string}"},"query-input":{"@type":"PropertyValueSpecification","valueRequired":true,"valueName":"search_term_string"}}],"inLanguage":"de"},{"@type":"Organization","@id":"https:\/\/eurostaklo.hr\/#organization","name":"eurostaklo.hr","url":"https:\/\/eurostaklo.hr\/","logo":{"@type":"ImageObject","inLanguage":"de","@id":"https:\/\/eurostaklo.hr\/#\/schema\/logo\/image\/","url":"https:\/\/eurostaklo.hr\/wp-content\/uploads\/2023\/04\/eurostaklo-logo-png.png","contentUrl":"https:\/\/eurostaklo.hr\/wp-content\/uploads\/2023\/04\/eurostaklo-logo-png.png","width":400,"height":84,"caption":"eurostaklo.hr"},"image":{"@id":"https:\/\/eurostaklo.hr\/#\/schema\/logo\/image\/"},"sameAs":["https:\/\/www.instagram.com\/eurostaklo\/"]}]}},"_links":{"self":[{"href":"https:\/\/eurostaklo.hr\/de\/wp-json\/wp\/v2\/pages\/1855","targetHints":{"allow":["GET"]}}],"collection":[{"href":"https:\/\/eurostaklo.hr\/de\/wp-json\/wp\/v2\/pages"}],"about":[{"href":"https:\/\/eurostaklo.hr\/de\/wp-json\/wp\/v2\/types\/page"}],"author":[{"embeddable":true,"href":"https:\/\/eurostaklo.hr\/de\/wp-json\/wp\/v2\/users\/1"}],"replies":[{"embeddable":true,"href":"https:\/\/eurostaklo.hr\/de\/wp-json\/wp\/v2\/comments?post=1855"}],"version-history":[{"count":2,"href":"https:\/\/eurostaklo.hr\/de\/wp-json\/wp\/v2\/pages\/1855\/revisions"}],"predecessor-version":[{"id":1858,"href":"https:\/\/eurostaklo.hr\/de\/wp-json\/wp\/v2\/pages\/1855\/revisions\/1858"}],"wp:attachment":[{"href":"https:\/\/eurostaklo.hr\/de\/wp-json\/wp\/v2\/media?parent=1855"}],"curies":[{"name":"wp","href":"https:\/\/api.w.org\/{rel}","templated":true}]}}