{"id":1885,"date":"2023-04-19T00:59:02","date_gmt":"2023-04-18T22:59:02","guid":{"rendered":"https:\/\/eurostaklo.hr\/glaser\/lamistali\/"},"modified":"2023-08-17T16:26:36","modified_gmt":"2023-08-17T14:26:36","slug":"verbundglas-lamistal","status":"publish","type":"page","link":"https:\/\/eurostaklo.hr\/de\/glaser\/verbundglas-lamistal\/","title":{"rendered":"Verbundglas \/ Lamistal"},"content":{"rendered":"<div class=\"wpb-content-wrapper\"><p>[vc_row][vc_column]\t\t\t<link rel=\"stylesheet\" id=\"wd-section-title-css\" href=\"https:\/\/eurostaklo.hr\/wp-content\/themes\/woodmart\/css\/parts\/el-section-title.min.css?ver=7.5.1\" type=\"text\/css\" media=\"all\" \/> \t\t\t\t\t\t<link rel=\"stylesheet\" id=\"wd-mod-highlighted-text-css\" href=\"https:\/\/eurostaklo.hr\/wp-content\/themes\/woodmart\/css\/parts\/mod-highlighted-text.min.css?ver=7.5.1\" type=\"text\/css\" media=\"all\" \/> \t\t\t\n\t\t<div id=\"wd-64de2daf9dd90\" class=\"title-wrapper wd-wpb set-mb-s reset-last-child  wd-rs-64de2daf9dd90 wd-title-color-default wd-title-style-default text-left vc_custom_1692282292600 wd-underline-colored\">\n\t\t\t\t\t\t\t<div class=\"title-subtitle  subtitle-color-default font-default subtitle-style-default wd-font-weight- wd-fontsize-m\">FEEL THE GLASS<\/div>\n\t\t\t\n\t\t\t<div class=\"liner-continer\">\n\t\t\t\t<h4 class=\"woodmart-title-container title  wd-font-weight- wd-fontsize-xxxl\" >Verbundglas \/ Lamistal<\/h4>\n\t\t\t\t\t\t\t<\/div>\n\t\t\t\n\t\t\t\n\t\t\t\n\t\t<\/div>\n\t\t\n\t\t[vc_zigzag color=&#8220;custom&#8220; align=&#8220;left&#8220; el_width=&#8220;10&#8243; css=&#8220;.vc_custom_1685048115851{margin-bottom: 20px !important;}&#8220; custom_color=&#8220;#e4131c&#8220;]\t\t\t<link rel=\"stylesheet\" id=\"wd-text-block-css\" href=\"https:\/\/eurostaklo.hr\/wp-content\/themes\/woodmart\/css\/parts\/el-text-block.min.css?ver=7.5.1\" type=\"text\/css\" media=\"all\" \/> \t\t\t\t\t<div id=\"wd-64de2db8848fd\" class=\"wd-text-block wd-wpb reset-last-child wd-rs-64de2db8848fd text-left wd-width-enabled wd-fontsize-custom vc_custom_1692282329423\" style=\"--wd-max-width: 90%;\">\n\t\t\t<p>Entstanden durch Zusammenkleben von zwei oder mehreren Glasschichten, die mit Folie zusammengeklebt werden. Dieses Glas sichert bessere mehanische Eigenschaften sowie bessere Schalld\u00e4mmung. Die Rolle der Folie ist, die Glasscherben im Fall des Brechens auf der Folie zu halten, sodass das Risiko von Verletzungen abgewendet wird. Mit Kombinationen von verschiedenen Glastypen bekommt man unterschiedliche visuelle und isolierende (energetische und akustische) Effekten.<\/p>\n<p><strong>Wie kann man die Konfiguration des Verbundglases wissen?<\/strong><\/p>\n\t\t<\/div>\n\t\t\t\t\t<link rel=\"stylesheet\" id=\"wd-photoswipe-css\" href=\"https:\/\/eurostaklo.hr\/wp-content\/themes\/woodmart\/css\/parts\/lib-photoswipe.min.css?ver=7.5.1\" type=\"text\/css\" media=\"all\" \/> \t\t\t\t\t\t<link rel=\"stylesheet\" id=\"wd-image-gallery-css\" href=\"https:\/\/eurostaklo.hr\/wp-content\/themes\/woodmart\/css\/parts\/el-gallery.min.css?ver=7.5.1\" type=\"text\/css\" media=\"all\" \/> \t\t\t\t\t<div id=\"gallery_358\" class=\"wd-images-gallery wd-wpb wd-rs-649ca7dcc252a photoswipe-images\" style=\"--wd-justify-content:left;--wd-align-items:center;\">\n\t\t\t\n\t\t\t<div class=\" wd-grid-g\" style=\"--wd-col-lg:1;--wd-col-md:1;--wd-col-sm:1;--wd-gap-lg:0px;\">\n\t\t\t\t\n\t\t\t\t\t\t\t\t\t\t\t\t\t\t\t<div class=\"wd-gallery-item wd-col\">\n\t\t\t\t\t\t\t\t\t\t\t\t\t\t<a href=\"https:\/\/eurostaklo.hr\/wp-content\/uploads\/2023\/06\/laminated-glass-graphic.jpg\" data-elementor-open-lightbox=\"no\" data-index=\"1\" data-width=\"1280\" data-height=\"517\" \n\t\t\t\t\t\t\t\t\t\t\t\t >\n\t\t\t\t\t\t\t\t\n\t\t\t\t\t\t\t\t<img loading=\"lazy\" decoding=\"async\" width=\"1200\" height=\"485\" src=\"https:\/\/eurostaklo.hr\/wp-content\/uploads\/2023\/06\/laminated-glass-graphic.jpg\" class=\"wd-gallery-image image-1\" alt=\"\" srcset=\"https:\/\/eurostaklo.hr\/wp-content\/uploads\/2023\/06\/laminated-glass-graphic.jpg 1280w, https:\/\/eurostaklo.hr\/wp-content\/uploads\/2023\/06\/laminated-glass-graphic-300x121.jpg 300w, https:\/\/eurostaklo.hr\/wp-content\/uploads\/2023\/06\/laminated-glass-graphic-1024x414.jpg 1024w, https:\/\/eurostaklo.hr\/wp-content\/uploads\/2023\/06\/laminated-glass-graphic-768x310.jpg 768w\" sizes=\"auto, (max-width: 1200px) 100vw, 1200px\" \/>\n\t\t\t\t\t\t\t\t\t\t\t\t\t\t\t<\/a>\n\t\t\t\t\t\t\t\t\t\t\t\t<\/div>\n\t\t\t\t\t\t\t\t\t\n\t\t\t\t\t\t\t<\/div>\n\n\t\t\t\t\t<\/div>\n\t\t\t\t<div id=\"wd-64de2dde415b3\" class=\"wd-text-block wd-wpb reset-last-child wd-rs-64de2dde415b3 text-left wd-width-enabled wd-fontsize-custom vc_custom_1692282380120\" style=\"--wd-max-width: 90%;\">\n\t\t\t<p>Verbundglas unterscheiden wir nach Farben, Dicken, akustischen Eigenschaften, und sie werden in der Herstellung des ISO Glases, Fassaden- und Interieurglases benutzt, besonders wenn man die akustische<br \/>\nIsolation braucht. Wir benutzen durchsichtige, Opal \/ matt, schwarze, nicht durchsichtige Lamistale, sowie schwarz get\u00f6nte, braune, gr\u00fcne und blaue.<\/p>\n<p>F\u00fcr bessere akustische Eigenschaften verwenden wir LamiGlass Acoustic, Stratophone, SoundControl, SoundReduction..<\/p>\n<p>Standarddicken sind von 6 bis 20 Millimeter.<br \/>\nBenutzt wird es f\u00fcr: Fenster, T\u00fcren, Z\u00e4une, Fassaden, D\u00e4cher, Glasw\u00e4nde.<\/p>\n\t\t<\/div>\n\t\t\t\t<div id=\"gallery_373\" class=\"wd-images-gallery wd-wpb wd-rs-649ca7d17ca52 photoswipe-images\" style=\"--wd-justify-content:left;--wd-align-items:center;\">\n\t\t\t\n\t\t\t<div class=\" wd-grid-g\" style=\"--wd-col-lg:2;--wd-col-md:2;--wd-col-sm:1;--wd-gap-lg:6px;\">\n\t\t\t\t\n\t\t\t\t\t\t\t\t\t\t\t\t\t\t\t<div class=\"wd-gallery-item wd-col\">\n\t\t\t\t\t\t\t\t\t\t\t\t\t\t<a href=\"https:\/\/eurostaklo.hr\/wp-content\/uploads\/2023\/06\/lamistali-new-4.jpg\" data-elementor-open-lightbox=\"no\" data-index=\"1\" data-width=\"1005\" data-height=\"600\" \n\t\t\t\t\t\t\t\t\t\t\t\t >\n\t\t\t\t\t\t\t\t\n\t\t\t\t\t\t\t\t<img loading=\"lazy\" decoding=\"async\" width=\"600\" height=\"350\" src=\"https:\/\/eurostaklo.hr\/wp-content\/uploads\/2023\/06\/lamistali-new-4-600x350.jpg\" class=\"wd-gallery-image image-1\" alt=\"\" \/>\n\t\t\t\t\t\t\t\t\t\t\t\t\t\t\t<\/a>\n\t\t\t\t\t\t\t\t\t\t\t\t<\/div>\n\t\t\t\t\t\t\t\t\t\t\t<div class=\"wd-gallery-item wd-col\">\n\t\t\t\t\t\t\t\t\t\t\t\t\t\t<a href=\"https:\/\/eurostaklo.hr\/wp-content\/uploads\/2023\/06\/lamistali-new-3.jpg\" data-elementor-open-lightbox=\"no\" data-index=\"2\" data-width=\"900\" data-height=\"600\" \n\t\t\t\t\t\t\t\t\t\t\t\t >\n\t\t\t\t\t\t\t\t\n\t\t\t\t\t\t\t\t<img loading=\"lazy\" decoding=\"async\" width=\"600\" height=\"350\" src=\"https:\/\/eurostaklo.hr\/wp-content\/uploads\/2023\/06\/lamistali-new-3-600x350.jpg\" class=\"wd-gallery-image image-2\" alt=\"\" \/>\n\t\t\t\t\t\t\t\t\t\t\t\t\t\t\t<\/a>\n\t\t\t\t\t\t\t\t\t\t\t\t<\/div>\n\t\t\t\t\t\t\t\t\t\t\t<div class=\"wd-gallery-item wd-col\">\n\t\t\t\t\t\t\t\t\t\t\t\t\t\t<a href=\"https:\/\/eurostaklo.hr\/wp-content\/uploads\/2023\/06\/lamistali-new-2.jpg\" data-elementor-open-lightbox=\"no\" data-index=\"3\" data-width=\"900\" data-height=\"600\" \n\t\t\t\t\t\t\t\t\t\t\t\t >\n\t\t\t\t\t\t\t\t\n\t\t\t\t\t\t\t\t<img loading=\"lazy\" decoding=\"async\" width=\"600\" height=\"350\" src=\"https:\/\/eurostaklo.hr\/wp-content\/uploads\/2023\/06\/lamistali-new-2-600x350.jpg\" class=\"wd-gallery-image image-3\" alt=\"\" \/>\n\t\t\t\t\t\t\t\t\t\t\t\t\t\t\t<\/a>\n\t\t\t\t\t\t\t\t\t\t\t\t<\/div>\n\t\t\t\t\t\t\t\t\t\t\t<div class=\"wd-gallery-item wd-col\">\n\t\t\t\t\t\t\t\t\t\t\t\t\t\t<a href=\"https:\/\/eurostaklo.hr\/wp-content\/uploads\/2023\/06\/lamistali-new-1.jpg\" data-elementor-open-lightbox=\"no\" data-index=\"4\" data-width=\"899\" data-height=\"600\" \n\t\t\t\t\t\t\t\t\t\t\t\t >\n\t\t\t\t\t\t\t\t\n\t\t\t\t\t\t\t\t<img loading=\"lazy\" decoding=\"async\" width=\"600\" height=\"350\" src=\"https:\/\/eurostaklo.hr\/wp-content\/uploads\/2023\/06\/lamistali-new-1-600x350.jpg\" class=\"wd-gallery-image image-4\" alt=\"\" \/>\n\t\t\t\t\t\t\t\t\t\t\t\t\t\t\t<\/a>\n\t\t\t\t\t\t\t\t\t\t\t\t<\/div>\n\t\t\t\t\t\t\t\t\t\n\t\t\t\t\t\t\t<\/div>\n\n\t\t\t\t\t<\/div>\n\t\t[\/vc_column][\/vc_row]<\/p>\n<\/div>","protected":false},"excerpt":{"rendered":"<p>[vc_row][vc_column][vc_zigzag color=&#8220;custom&#8220; align=&#8220;left&#8220; el_width=&#8220;10&#8243; css=&#8220;.vc_custom_1685048115851{margin-bottom: 20px !important;}&#8220; custom_color=&#8220;#e4131c&#8220;][\/vc_column][\/vc_row]<\/p>\n","protected":false},"author":1,"featured_media":0,"parent":1881,"menu_order":0,"comment_status":"closed","ping_status":"closed","template":"","meta":{"footnotes":""},"class_list":["post-1885","page","type-page","status-publish","hentry"],"yoast_head":"<!-- This site is optimized with the Yoast SEO plugin v26.3 - https:\/\/yoast.com\/wordpress\/plugins\/seo\/ -->\n<title>Verbundglas \/ Lamistal - eurostaklo.hr<\/title>\n<meta name=\"robots\" content=\"index, follow, max-snippet:-1, max-image-preview:large, max-video-preview:-1\" \/>\n<link rel=\"canonical\" href=\"https:\/\/eurostaklo.hr\/de\/glaser\/verbundglas-lamistal\/\" \/>\n<meta property=\"og:locale\" content=\"de_DE\" \/>\n<meta property=\"og:type\" content=\"article\" \/>\n<meta property=\"og:title\" content=\"Verbundglas \/ Lamistal - eurostaklo.hr\" \/>\n<meta property=\"og:description\" content=\"[vc_row][vc_column][vc_zigzag color=&#8220;custom&#8220; align=&#8220;left&#8220; el_width=&#8220;10&#8243; css=&#8220;.vc_custom_1685048115851{margin-bottom: 20px !important;}&#8220; custom_color=&#8220;#e4131c&#8220;][\/vc_column][\/vc_row]\" \/>\n<meta property=\"og:url\" content=\"https:\/\/eurostaklo.hr\/de\/glaser\/verbundglas-lamistal\/\" \/>\n<meta property=\"og:site_name\" content=\"eurostaklo.hr\" \/>\n<meta property=\"article:modified_time\" content=\"2023-08-17T14:26:36+00:00\" \/>\n<meta name=\"twitter:card\" content=\"summary_large_image\" \/>\n<meta name=\"twitter:label1\" content=\"Gesch\u00e4tzte Lesezeit\" \/>\n\t<meta name=\"twitter:data1\" content=\"2\u00a0Minuten\" \/>\n<script type=\"application\/ld+json\" class=\"yoast-schema-graph\">{\"@context\":\"https:\/\/schema.org\",\"@graph\":[{\"@type\":\"WebPage\",\"@id\":\"https:\/\/eurostaklo.hr\/de\/glaser\/verbundglas-lamistal\/\",\"url\":\"https:\/\/eurostaklo.hr\/de\/glaser\/verbundglas-lamistal\/\",\"name\":\"Verbundglas \/ Lamistal - eurostaklo.hr\",\"isPartOf\":{\"@id\":\"https:\/\/eurostaklo.hr\/#website\"},\"datePublished\":\"2023-04-18T22:59:02+00:00\",\"dateModified\":\"2023-08-17T14:26:36+00:00\",\"breadcrumb\":{\"@id\":\"https:\/\/eurostaklo.hr\/de\/glaser\/verbundglas-lamistal\/#breadcrumb\"},\"inLanguage\":\"de\",\"potentialAction\":[{\"@type\":\"ReadAction\",\"target\":[\"https:\/\/eurostaklo.hr\/de\/glaser\/verbundglas-lamistal\/\"]}]},{\"@type\":\"BreadcrumbList\",\"@id\":\"https:\/\/eurostaklo.hr\/de\/glaser\/verbundglas-lamistal\/#breadcrumb\",\"itemListElement\":[{\"@type\":\"ListItem\",\"position\":1,\"name\":\"Home\",\"item\":\"https:\/\/eurostaklo.hr\/de\/\"},{\"@type\":\"ListItem\",\"position\":2,\"name\":\"Gl\u00e4ser\",\"item\":\"https:\/\/eurostaklo.hr\/de\/glaser\/\"},{\"@type\":\"ListItem\",\"position\":3,\"name\":\"Verbundglas \/ Lamistal\"}]},{\"@type\":\"WebSite\",\"@id\":\"https:\/\/eurostaklo.hr\/#website\",\"url\":\"https:\/\/eurostaklo.hr\/\",\"name\":\"eurostaklo.hr\",\"description\":\"Feel The Glass\",\"publisher\":{\"@id\":\"https:\/\/eurostaklo.hr\/#organization\"},\"potentialAction\":[{\"@type\":\"SearchAction\",\"target\":{\"@type\":\"EntryPoint\",\"urlTemplate\":\"https:\/\/eurostaklo.hr\/?s={search_term_string}\"},\"query-input\":{\"@type\":\"PropertyValueSpecification\",\"valueRequired\":true,\"valueName\":\"search_term_string\"}}],\"inLanguage\":\"de\"},{\"@type\":\"Organization\",\"@id\":\"https:\/\/eurostaklo.hr\/#organization\",\"name\":\"eurostaklo.hr\",\"url\":\"https:\/\/eurostaklo.hr\/\",\"logo\":{\"@type\":\"ImageObject\",\"inLanguage\":\"de\",\"@id\":\"https:\/\/eurostaklo.hr\/#\/schema\/logo\/image\/\",\"url\":\"https:\/\/eurostaklo.hr\/wp-content\/uploads\/2023\/04\/eurostaklo-logo-png.png\",\"contentUrl\":\"https:\/\/eurostaklo.hr\/wp-content\/uploads\/2023\/04\/eurostaklo-logo-png.png\",\"width\":400,\"height\":84,\"caption\":\"eurostaklo.hr\"},\"image\":{\"@id\":\"https:\/\/eurostaklo.hr\/#\/schema\/logo\/image\/\"},\"sameAs\":[\"https:\/\/www.instagram.com\/eurostaklo\/\"]}]}<\/script>\n<!-- \/ Yoast SEO plugin. -->","yoast_head_json":{"title":"Verbundglas \/ Lamistal - eurostaklo.hr","robots":{"index":"index","follow":"follow","max-snippet":"max-snippet:-1","max-image-preview":"max-image-preview:large","max-video-preview":"max-video-preview:-1"},"canonical":"https:\/\/eurostaklo.hr\/de\/glaser\/verbundglas-lamistal\/","og_locale":"de_DE","og_type":"article","og_title":"Verbundglas \/ Lamistal - eurostaklo.hr","og_description":"[vc_row][vc_column][vc_zigzag color=&#8220;custom&#8220; align=&#8220;left&#8220; el_width=&#8220;10&#8243; css=&#8220;.vc_custom_1685048115851{margin-bottom: 20px !important;}&#8220; custom_color=&#8220;#e4131c&#8220;][\/vc_column][\/vc_row]","og_url":"https:\/\/eurostaklo.hr\/de\/glaser\/verbundglas-lamistal\/","og_site_name":"eurostaklo.hr","article_modified_time":"2023-08-17T14:26:36+00:00","twitter_card":"summary_large_image","twitter_misc":{"Gesch\u00e4tzte Lesezeit":"2\u00a0Minuten"},"schema":{"@context":"https:\/\/schema.org","@graph":[{"@type":"WebPage","@id":"https:\/\/eurostaklo.hr\/de\/glaser\/verbundglas-lamistal\/","url":"https:\/\/eurostaklo.hr\/de\/glaser\/verbundglas-lamistal\/","name":"Verbundglas \/ Lamistal - eurostaklo.hr","isPartOf":{"@id":"https:\/\/eurostaklo.hr\/#website"},"datePublished":"2023-04-18T22:59:02+00:00","dateModified":"2023-08-17T14:26:36+00:00","breadcrumb":{"@id":"https:\/\/eurostaklo.hr\/de\/glaser\/verbundglas-lamistal\/#breadcrumb"},"inLanguage":"de","potentialAction":[{"@type":"ReadAction","target":["https:\/\/eurostaklo.hr\/de\/glaser\/verbundglas-lamistal\/"]}]},{"@type":"BreadcrumbList","@id":"https:\/\/eurostaklo.hr\/de\/glaser\/verbundglas-lamistal\/#breadcrumb","itemListElement":[{"@type":"ListItem","position":1,"name":"Home","item":"https:\/\/eurostaklo.hr\/de\/"},{"@type":"ListItem","position":2,"name":"Gl\u00e4ser","item":"https:\/\/eurostaklo.hr\/de\/glaser\/"},{"@type":"ListItem","position":3,"name":"Verbundglas \/ Lamistal"}]},{"@type":"WebSite","@id":"https:\/\/eurostaklo.hr\/#website","url":"https:\/\/eurostaklo.hr\/","name":"eurostaklo.hr","description":"Feel The Glass","publisher":{"@id":"https:\/\/eurostaklo.hr\/#organization"},"potentialAction":[{"@type":"SearchAction","target":{"@type":"EntryPoint","urlTemplate":"https:\/\/eurostaklo.hr\/?s={search_term_string}"},"query-input":{"@type":"PropertyValueSpecification","valueRequired":true,"valueName":"search_term_string"}}],"inLanguage":"de"},{"@type":"Organization","@id":"https:\/\/eurostaklo.hr\/#organization","name":"eurostaklo.hr","url":"https:\/\/eurostaklo.hr\/","logo":{"@type":"ImageObject","inLanguage":"de","@id":"https:\/\/eurostaklo.hr\/#\/schema\/logo\/image\/","url":"https:\/\/eurostaklo.hr\/wp-content\/uploads\/2023\/04\/eurostaklo-logo-png.png","contentUrl":"https:\/\/eurostaklo.hr\/wp-content\/uploads\/2023\/04\/eurostaklo-logo-png.png","width":400,"height":84,"caption":"eurostaklo.hr"},"image":{"@id":"https:\/\/eurostaklo.hr\/#\/schema\/logo\/image\/"},"sameAs":["https:\/\/www.instagram.com\/eurostaklo\/"]}]}},"_links":{"self":[{"href":"https:\/\/eurostaklo.hr\/de\/wp-json\/wp\/v2\/pages\/1885","targetHints":{"allow":["GET"]}}],"collection":[{"href":"https:\/\/eurostaklo.hr\/de\/wp-json\/wp\/v2\/pages"}],"about":[{"href":"https:\/\/eurostaklo.hr\/de\/wp-json\/wp\/v2\/types\/page"}],"author":[{"embeddable":true,"href":"https:\/\/eurostaklo.hr\/de\/wp-json\/wp\/v2\/users\/1"}],"replies":[{"embeddable":true,"href":"https:\/\/eurostaklo.hr\/de\/wp-json\/wp\/v2\/comments?post=1885"}],"version-history":[{"count":2,"href":"https:\/\/eurostaklo.hr\/de\/wp-json\/wp\/v2\/pages\/1885\/revisions"}],"predecessor-version":[{"id":1887,"href":"https:\/\/eurostaklo.hr\/de\/wp-json\/wp\/v2\/pages\/1885\/revisions\/1887"}],"up":[{"embeddable":true,"href":"https:\/\/eurostaklo.hr\/de\/wp-json\/wp\/v2\/pages\/1881"}],"wp:attachment":[{"href":"https:\/\/eurostaklo.hr\/de\/wp-json\/wp\/v2\/media?parent=1885"}],"curies":[{"name":"wp","href":"https:\/\/api.w.org\/{rel}","templated":true}]}}