{"id":1888,"date":"2023-04-19T00:59:24","date_gmt":"2023-04-18T22:59:24","guid":{"rendered":"https:\/\/eurostaklo.hr\/glaser\/low-e-stakla\/"},"modified":"2025-05-31T12:08:18","modified_gmt":"2025-05-31T10:08:18","slug":"low-e-glas","status":"publish","type":"page","link":"https:\/\/eurostaklo.hr\/de\/glaser\/low-e-glas\/","title":{"rendered":"LOW-E-glas"},"content":{"rendered":"<div class=\"wpb-content-wrapper\"><p>[vc_row full_width=&#8220;stretch_row_content_no_spaces&#8220; equal_height=&#8220;yes&#8220; responsive_tabs_advanced=&#8220;mobile&#8220; css=&#8220;.vc_custom_1685050730150{margin-bottom: 100px !important;border-top-width: 1px !important;border-top-color: #efefef !important;border-top-style: solid !important;}&#8220; wd_z_index=&#8220;no&#8220; woodmart_css_id=&#8220;646fd55cc1927&#8243; responsive_spacing=&#8220;eyJwYXJhbV90eXBlIjoid29vZG1hcnRfcmVzcG9uc2l2ZV9zcGFjaW5nIiwic2VsZWN0b3JfaWQiOiI2NDZmZDU1Y2MxOTI3Iiwic2hvcnRjb2RlIjoidmNfcm93IiwiZGF0YSI6eyJ0YWJsZXQiOnsibWFyZ2luLWJvdHRvbSI6IjgwcHgiLCJib3JkZXItdG9wLXdpZHRoIjoiMCJ9LCJtb2JpbGUiOnsibWFyZ2luLWJvdHRvbSI6IjYwcHgiLCJib3JkZXItdG9wLXdpZHRoIjoiMCJ9fX0=&#8220; mobile_bg_img_hidden=&#8220;no&#8220; tablet_bg_img_hidden=&#8220;no&#8220; woodmart_parallax=&#8220;0&#8243; woodmart_gradient_switch=&#8220;no&#8220; row_reverse_mobile=&#8220;1&#8243; row_reverse_tablet=&#8220;1&#8243; woodmart_disable_overflow=&#8220;0&#8243; woodmart_box_shadow=&#8220;no&#8220;][vc_column css=&#8220;.vc_custom_1629815553577{padding-top: 0px !important;}&#8220; offset=&#8220;vc_col-lg-6 vc_col-md-12 vc_col-xs-12&#8243; wd_z_index=&#8220;no&#8220; woodmart_css_id=&#8220;612502fce930b&#8220; responsive_spacing=&#8220;eyJwYXJhbV90eXBlIjoid29vZG1hcnRfcmVzcG9uc2l2ZV9zcGFjaW5nIiwic2VsZWN0b3JfaWQiOiI2MTI1MDJmY2U5MzBiIiwic2hvcnRjb2RlIjoidmNfY29sdW1uIiwiZGF0YSI6eyJ0YWJsZXQiOnt9LCJtb2JpbGUiOnt9fX0=&#8220; parallax_scroll=&#8220;no&#8220; mobile_bg_img_hidden=&#8220;no&#8220; tablet_bg_img_hidden=&#8220;no&#8220; woodmart_parallax=&#8220;0&#8243; woodmart_sticky_column=&#8220;false&#8220; mobile_reset_margin=&#8220;no&#8220; tablet_reset_margin=&#8220;no&#8220;]\t\t\t<link rel=\"stylesheet\" id=\"wd-photoswipe-css\" href=\"https:\/\/eurostaklo.hr\/wp-content\/themes\/woodmart\/css\/parts\/lib-photoswipe.min.css?ver=7.5.1\" type=\"text\/css\" media=\"all\" \/> \t\t\t\t\t\t<link rel=\"stylesheet\" id=\"wd-image-gallery-css\" href=\"https:\/\/eurostaklo.hr\/wp-content\/themes\/woodmart\/css\/parts\/el-gallery.min.css?ver=7.5.1\" type=\"text\/css\" media=\"all\" \/> \t\t\t\t\t<div id=\"gallery_820\" class=\"wd-images-gallery wd-wpb wd-rs-683ad50171c36 photoswipe-images\" style=\"--wd-justify-content:center;--wd-align-items:center;\">\n\t\t\t\n\t\t\t<div class=\" wd-grid-g\" style=\"--wd-col-lg:1;--wd-col-md:1;--wd-col-sm:1;--wd-gap-lg:2px;\">\n\t\t\t\t\n\t\t\t\t\t\t\t\t\t\t\t\t\t\t\t<div class=\"wd-gallery-item wd-col\">\n\t\t\t\t\t\t\t\t\t\t\t\t\t\t<a href=\"https:\/\/eurostaklo.hr\/wp-content\/uploads\/2023\/06\/lowe-new-3.jpg\" data-elementor-open-lightbox=\"no\" data-index=\"1\" data-width=\"831\" data-height=\"418\" \n\t\t\t\t\t\t\t\t\t\t\t\t >\n\t\t\t\t\t\t\t\t\n\t\t\t\t\t\t\t\t<img loading=\"lazy\" decoding=\"async\" width=\"831\" height=\"418\" src=\"https:\/\/eurostaklo.hr\/wp-content\/uploads\/2023\/06\/lowe-new-3.jpg\" class=\"wd-gallery-image image-1\" alt=\"\" srcset=\"https:\/\/eurostaklo.hr\/wp-content\/uploads\/2023\/06\/lowe-new-3.jpg 831w, https:\/\/eurostaklo.hr\/wp-content\/uploads\/2023\/06\/lowe-new-3-300x151.jpg 300w, https:\/\/eurostaklo.hr\/wp-content\/uploads\/2023\/06\/lowe-new-3-768x386.jpg 768w\" sizes=\"auto, (max-width: 831px) 100vw, 831px\" \/>\n\t\t\t\t\t\t\t\t\t\t\t\t\t\t\t<\/a>\n\t\t\t\t\t\t\t\t\t\t\t\t<\/div>\n\t\t\t\t\t\t\t\t\t\t\t<div class=\"wd-gallery-item wd-col\">\n\t\t\t\t\t\t\t\t\t\t\t\t\t\t<a href=\"https:\/\/eurostaklo.hr\/wp-content\/uploads\/2023\/06\/lowe-new-2.jpg\" data-elementor-open-lightbox=\"no\" data-index=\"2\" data-width=\"831\" data-height=\"418\" \n\t\t\t\t\t\t\t\t\t\t\t\t >\n\t\t\t\t\t\t\t\t\n\t\t\t\t\t\t\t\t<img loading=\"lazy\" decoding=\"async\" width=\"831\" height=\"418\" src=\"https:\/\/eurostaklo.hr\/wp-content\/uploads\/2023\/06\/lowe-new-2.jpg\" class=\"wd-gallery-image image-2\" alt=\"\" srcset=\"https:\/\/eurostaklo.hr\/wp-content\/uploads\/2023\/06\/lowe-new-2.jpg 831w, https:\/\/eurostaklo.hr\/wp-content\/uploads\/2023\/06\/lowe-new-2-300x151.jpg 300w, https:\/\/eurostaklo.hr\/wp-content\/uploads\/2023\/06\/lowe-new-2-768x386.jpg 768w\" sizes=\"auto, (max-width: 831px) 100vw, 831px\" \/>\n\t\t\t\t\t\t\t\t\t\t\t\t\t\t\t<\/a>\n\t\t\t\t\t\t\t\t\t\t\t\t<\/div>\n\t\t\t\t\t\t\t\t\t\t\t<div class=\"wd-gallery-item wd-col\">\n\t\t\t\t\t\t\t\t\t\t\t\t\t\t<a href=\"https:\/\/eurostaklo.hr\/wp-content\/uploads\/2025\/05\/low-es-1.webp\" data-elementor-open-lightbox=\"no\" data-index=\"3\" data-width=\"831\" data-height=\"418\" \n\t\t\t\t\t\t\t\t\t\t\t\t >\n\t\t\t\t\t\t\t\t\n\t\t\t\t\t\t\t\t<img loading=\"lazy\" decoding=\"async\" width=\"831\" height=\"418\" src=\"https:\/\/eurostaklo.hr\/wp-content\/uploads\/2025\/05\/low-es-1.webp\" class=\"wd-gallery-image image-3\" alt=\"\" srcset=\"https:\/\/eurostaklo.hr\/wp-content\/uploads\/2025\/05\/low-es-1.webp 831w, https:\/\/eurostaklo.hr\/wp-content\/uploads\/2025\/05\/low-es-1-300x151.webp 300w, https:\/\/eurostaklo.hr\/wp-content\/uploads\/2025\/05\/low-es-1-768x386.webp 768w\" sizes=\"auto, (max-width: 831px) 100vw, 831px\" \/>\n\t\t\t\t\t\t\t\t\t\t\t\t\t\t\t<\/a>\n\t\t\t\t\t\t\t\t\t\t\t\t<\/div>\n\t\t\t\t\t\t\t\t\t\n\t\t\t\t\t\t\t<\/div>\n\n\t\t\t\t\t<\/div>\n\t\t[\/vc_column][vc_column woodmart_sticky_column_offset=&#8220;150&#8243; woodmart_sticky_column=&#8220;true&#8220; css=&#8220;.vc_custom_1685050750917{padding-top: 80px !important;padding-right: 5% !important;padding-left: 7% !important;}&#8220; offset=&#8220;vc_col-lg-5 vc_col-md-8 vc_col-xs-12&#8243; wd_z_index=&#8220;no&#8220; woodmart_css_id=&#8220;646fd56c28703&#8243; responsive_spacing=&#8220;eyJwYXJhbV90eXBlIjoid29vZG1hcnRfcmVzcG9uc2l2ZV9zcGFjaW5nIiwic2VsZWN0b3JfaWQiOiI2NDZmZDU2YzI4NzAzIiwic2hvcnRjb2RlIjoidmNfY29sdW1uIiwiZGF0YSI6eyJ0YWJsZXQiOnsicGFkZGluZy10b3AiOiIwIn0sIm1vYmlsZSI6eyJwYWRkaW5nLXRvcCI6IjAiLCJwYWRkaW5nLXJpZ2h0IjoiMTVweCIsInBhZGRpbmctbGVmdCI6IjE1cHgifX19&#8243; parallax_scroll=&#8220;no&#8220; mobile_bg_img_hidden=&#8220;no&#8220; tablet_bg_img_hidden=&#8220;no&#8220; woodmart_parallax=&#8220;0&#8243; mobile_reset_margin=&#8220;no&#8220; tablet_reset_margin=&#8220;no&#8220; wd_collapsible_content_switcher=&#8220;no&#8220; wd_column_role_offcanvas_desktop=&#8220;no&#8220; wd_column_role_offcanvas_tablet=&#8220;no&#8220; wd_column_role_offcanvas_mobile=&#8220;no&#8220; wd_column_role_content_desktop=&#8220;no&#8220; wd_column_role_content_tablet=&#8220;no&#8220; wd_column_role_content_mobile=&#8220;no&#8220; woodmart_box_shadow=&#8220;no&#8220;]\t\t\t<link rel=\"stylesheet\" id=\"wd-section-title-css\" href=\"https:\/\/eurostaklo.hr\/wp-content\/themes\/woodmart\/css\/parts\/el-section-title.min.css?ver=7.5.1\" type=\"text\/css\" media=\"all\" \/> \t\t\t\t\t\t<link rel=\"stylesheet\" id=\"wd-mod-highlighted-text-css\" href=\"https:\/\/eurostaklo.hr\/wp-content\/themes\/woodmart\/css\/parts\/mod-highlighted-text.min.css?ver=7.5.1\" type=\"text\/css\" media=\"all\" \/> \t\t\t\n\t\t<div id=\"wd-64de2f7d1ef80\" class=\"title-wrapper wd-wpb set-mb-s reset-last-child  wd-rs-64de2f7d1ef80 wd-title-color-default wd-title-style-default text-left vc_custom_1692282756608 wd-underline-colored\">\n\t\t\t\t\t\t\t<div class=\"title-subtitle  subtitle-color-default font-default subtitle-style-default wd-font-weight- wd-fontsize-m\">FEEL THE GLASS<\/div>\n\t\t\t\n\t\t\t<div class=\"liner-continer\">\n\t\t\t\t<h4 class=\"woodmart-title-container title  wd-font-weight- wd-fontsize-xxxl\" >Low-E-glas<\/h4>\n\t\t\t\t\t\t\t<\/div>\n\t\t\t\n\t\t\t\n\t\t\t\n\t\t<\/div>\n\t\t\n\t\t[vc_zigzag color=&#8220;custom&#8220; align=&#8220;left&#8220; el_width=&#8220;10&#8243; css=&#8220;.vc_custom_1685048115851{margin-bottom: 20px !important;}&#8220; custom_color=&#8220;#e4131c&#8220;]\t\t\t<link rel=\"stylesheet\" id=\"wd-text-block-css\" href=\"https:\/\/eurostaklo.hr\/wp-content\/themes\/woodmart\/css\/parts\/el-text-block.min.css?ver=7.5.1\" type=\"text\/css\" media=\"all\" \/> \t\t\t\t\t<div id=\"wd-64de2eb38f0d3\" class=\"wd-text-block wd-wpb reset-last-child wd-rs-64de2eb38f0d3 text-left wd-width-enabled wd-fontsize-custom vc_custom_1692282593088\" style=\"--wd-max-width: 90%;\">\n\t\t\t<p>Low-E-Glas (englisch low emissivity) ist ein Glas niedriger Emissivit\u00e4t. Es strahlt weniger Energie aus, was ihm geringere W\u00e4rmeabstrahlung erm\u00f6glicht. Es entsteht so, dass eine hauchd\u00fcnne Metallschicht auf die Glasfl\u00e4che aufgebracht wird. Diese Schicht dient als eine Art Filter f\u00fcr Energie verschiedener Wellenl\u00e4nge. Low-E- Glas reflektiert l\u00e4ngere Wellenl\u00e4ngen (die W\u00e4rme) und l\u00e4sst k\u00fcrzere Wellenl\u00e4nge herein (das Licht). Das bedeutet, dass es W\u00e4rmeenergieverlust begrenzt, ohne der<br \/>\nDurchsichtigkeit viel zu st\u00f6ren. Es wird ausschlie\u00dflich in Kombinationen mit anderen Glastypen in der Herstellung des ISO Glases benutzt.<\/p>\n<p>Standarddicken sind: 4,6,8 Millimeter, alle andere nach Bestellung Benutzt wird es: Fenster, T\u00fcren und Fassaden.<\/p>\n<p>Wir benutzen ClimaGuard, ClimaGuardSolar (oder LowE4s) und<br \/>\nGuardianSun.<\/p>\n\t\t<\/div>\n\t\t\t\t<div id=\"gallery_138\" class=\"wd-images-gallery wd-wpb wd-rs-649caa350d92e vc_custom_1687988794730 photoswipe-images\" style=\"--wd-justify-content:center;--wd-align-items:center;\">\n\t\t\t\n\t\t\t<div class=\" wd-grid-g\" style=\"--wd-col-lg:1;--wd-col-md:1;--wd-col-sm:1;--wd-gap-lg:0px;\">\n\t\t\t\t\n\t\t\t\t\t\t\t\t\t\t\t\t\t\t\t<div class=\"wd-gallery-item wd-col\">\n\t\t\t\t\t\t\t\t\t\t\t\t\t\t<a href=\"https:\/\/eurostaklo.hr\/wp-content\/uploads\/2023\/06\/lowe-new-4.jpg\" data-elementor-open-lightbox=\"no\" data-index=\"1\" data-width=\"855\" data-height=\"600\" \n\t\t\t\t\t\t\t\t\t\t\t\t >\n\t\t\t\t\t\t\t\t\n\t\t\t\t\t\t\t\t<img loading=\"lazy\" decoding=\"async\" width=\"855\" height=\"600\" src=\"https:\/\/eurostaklo.hr\/wp-content\/uploads\/2023\/06\/lowe-new-4.jpg\" class=\"wd-gallery-image image-1\" alt=\"\" srcset=\"https:\/\/eurostaklo.hr\/wp-content\/uploads\/2023\/06\/lowe-new-4.jpg 855w, https:\/\/eurostaklo.hr\/wp-content\/uploads\/2023\/06\/lowe-new-4-300x211.jpg 300w, https:\/\/eurostaklo.hr\/wp-content\/uploads\/2023\/06\/lowe-new-4-768x539.jpg 768w\" sizes=\"auto, (max-width: 855px) 100vw, 855px\" \/>\n\t\t\t\t\t\t\t\t\t\t\t\t\t\t\t<\/a>\n\t\t\t\t\t\t\t\t\t\t\t\t<\/div>\n\t\t\t\t\t\t\t\t\t\n\t\t\t\t\t\t\t<\/div>\n\n\t\t\t\t\t<\/div>\n\t\t[\/vc_column][\/vc_row]<\/p>\n<\/div>","protected":false},"excerpt":{"rendered":"<p>[vc_row full_width=&#8220;stretch_row_content_no_spaces&#8220; equal_height=&#8220;yes&#8220; responsive_tabs_advanced=&#8220;mobile&#8220; css=&#8220;.vc_custom_1685050730150{margin-bottom: 100px !important;border-top-width: 1px !important;border-top-color: #efefef !important;border-top-style: solid !important;}&#8220; wd_z_index=&#8220;no&#8220; woodmart_css_id=&#8220;646fd55cc1927&#8243; responsive_spacing=&#8220;eyJwYXJhbV90eXBlIjoid29vZG1hcnRfcmVzcG9uc2l2ZV9zcGFjaW5nIiwic2VsZWN0b3JfaWQiOiI2NDZmZDU1Y2MxOTI3Iiwic2hvcnRjb2RlIjoidmNfcm93IiwiZGF0YSI6eyJ0YWJsZXQiOnsibWFyZ2luLWJvdHRvbSI6IjgwcHgiLCJib3JkZXItdG9wLXdpZHRoIjoiMCJ9LCJtb2JpbGUiOnsibWFyZ2luLWJvdHRvbSI6IjYwcHgiLCJib3JkZXItdG9wLXdpZHRoIjoiMCJ9fX0=&#8220; mobile_bg_img_hidden=&#8220;no&#8220; tablet_bg_img_hidden=&#8220;no&#8220; woodmart_parallax=&#8220;0&#8243; woodmart_gradient_switch=&#8220;no&#8220;<\/p>\n","protected":false},"author":1,"featured_media":0,"parent":1881,"menu_order":0,"comment_status":"closed","ping_status":"closed","template":"","meta":{"footnotes":""},"class_list":["post-1888","page","type-page","status-publish","hentry"],"yoast_head":"<!-- This site is optimized with the Yoast SEO plugin v26.3 - https:\/\/yoast.com\/wordpress\/plugins\/seo\/ -->\n<title>LOW-E-glas - eurostaklo.hr<\/title>\n<meta name=\"robots\" content=\"index, follow, max-snippet:-1, max-image-preview:large, max-video-preview:-1\" \/>\n<link rel=\"canonical\" href=\"https:\/\/eurostaklo.hr\/de\/glaser\/low-e-glas\/\" \/>\n<meta property=\"og:locale\" content=\"de_DE\" \/>\n<meta property=\"og:type\" content=\"article\" \/>\n<meta property=\"og:title\" content=\"LOW-E-glas - eurostaklo.hr\" \/>\n<meta property=\"og:description\" content=\"[vc_row full_width=&#8220;stretch_row_content_no_spaces&#8220; equal_height=&#8220;yes&#8220; responsive_tabs_advanced=&#8220;mobile&#8220; css=&#8220;.vc_custom_1685050730150{margin-bottom: 100px !important;border-top-width: 1px !important;border-top-color: #efefef !important;border-top-style: solid !important;}&#8220; wd_z_index=&#8220;no&#8220; woodmart_css_id=&#8220;646fd55cc1927&#8243; responsive_spacing=&#8220;eyJwYXJhbV90eXBlIjoid29vZG1hcnRfcmVzcG9uc2l2ZV9zcGFjaW5nIiwic2VsZWN0b3JfaWQiOiI2NDZmZDU1Y2MxOTI3Iiwic2hvcnRjb2RlIjoidmNfcm93IiwiZGF0YSI6eyJ0YWJsZXQiOnsibWFyZ2luLWJvdHRvbSI6IjgwcHgiLCJib3JkZXItdG9wLXdpZHRoIjoiMCJ9LCJtb2JpbGUiOnsibWFyZ2luLWJvdHRvbSI6IjYwcHgiLCJib3JkZXItdG9wLXdpZHRoIjoiMCJ9fX0=&#8220; mobile_bg_img_hidden=&#8220;no&#8220; tablet_bg_img_hidden=&#8220;no&#8220; woodmart_parallax=&#8220;0&#8243; woodmart_gradient_switch=&#8220;no&#8220;\" \/>\n<meta property=\"og:url\" content=\"https:\/\/eurostaklo.hr\/de\/glaser\/low-e-glas\/\" \/>\n<meta property=\"og:site_name\" content=\"eurostaklo.hr\" \/>\n<meta property=\"article:modified_time\" content=\"2025-05-31T10:08:18+00:00\" \/>\n<meta name=\"twitter:card\" content=\"summary_large_image\" \/>\n<meta name=\"twitter:label1\" content=\"Gesch\u00e4tzte Lesezeit\" \/>\n\t<meta name=\"twitter:data1\" content=\"2\u00a0Minuten\" \/>\n<script type=\"application\/ld+json\" class=\"yoast-schema-graph\">{\"@context\":\"https:\/\/schema.org\",\"@graph\":[{\"@type\":\"WebPage\",\"@id\":\"https:\/\/eurostaklo.hr\/de\/glaser\/low-e-glas\/\",\"url\":\"https:\/\/eurostaklo.hr\/de\/glaser\/low-e-glas\/\",\"name\":\"LOW-E-glas - eurostaklo.hr\",\"isPartOf\":{\"@id\":\"https:\/\/eurostaklo.hr\/#website\"},\"datePublished\":\"2023-04-18T22:59:24+00:00\",\"dateModified\":\"2025-05-31T10:08:18+00:00\",\"breadcrumb\":{\"@id\":\"https:\/\/eurostaklo.hr\/de\/glaser\/low-e-glas\/#breadcrumb\"},\"inLanguage\":\"de\",\"potentialAction\":[{\"@type\":\"ReadAction\",\"target\":[\"https:\/\/eurostaklo.hr\/de\/glaser\/low-e-glas\/\"]}]},{\"@type\":\"BreadcrumbList\",\"@id\":\"https:\/\/eurostaklo.hr\/de\/glaser\/low-e-glas\/#breadcrumb\",\"itemListElement\":[{\"@type\":\"ListItem\",\"position\":1,\"name\":\"Home\",\"item\":\"https:\/\/eurostaklo.hr\/de\/\"},{\"@type\":\"ListItem\",\"position\":2,\"name\":\"Gl\u00e4ser\",\"item\":\"https:\/\/eurostaklo.hr\/de\/glaser\/\"},{\"@type\":\"ListItem\",\"position\":3,\"name\":\"LOW-E-glas\"}]},{\"@type\":\"WebSite\",\"@id\":\"https:\/\/eurostaklo.hr\/#website\",\"url\":\"https:\/\/eurostaklo.hr\/\",\"name\":\"eurostaklo.hr\",\"description\":\"Feel The Glass\",\"publisher\":{\"@id\":\"https:\/\/eurostaklo.hr\/#organization\"},\"potentialAction\":[{\"@type\":\"SearchAction\",\"target\":{\"@type\":\"EntryPoint\",\"urlTemplate\":\"https:\/\/eurostaklo.hr\/?s={search_term_string}\"},\"query-input\":{\"@type\":\"PropertyValueSpecification\",\"valueRequired\":true,\"valueName\":\"search_term_string\"}}],\"inLanguage\":\"de\"},{\"@type\":\"Organization\",\"@id\":\"https:\/\/eurostaklo.hr\/#organization\",\"name\":\"eurostaklo.hr\",\"url\":\"https:\/\/eurostaklo.hr\/\",\"logo\":{\"@type\":\"ImageObject\",\"inLanguage\":\"de\",\"@id\":\"https:\/\/eurostaklo.hr\/#\/schema\/logo\/image\/\",\"url\":\"https:\/\/eurostaklo.hr\/wp-content\/uploads\/2023\/04\/eurostaklo-logo-png.png\",\"contentUrl\":\"https:\/\/eurostaklo.hr\/wp-content\/uploads\/2023\/04\/eurostaklo-logo-png.png\",\"width\":400,\"height\":84,\"caption\":\"eurostaklo.hr\"},\"image\":{\"@id\":\"https:\/\/eurostaklo.hr\/#\/schema\/logo\/image\/\"},\"sameAs\":[\"https:\/\/www.instagram.com\/eurostaklo\/\"]}]}<\/script>\n<!-- \/ Yoast SEO plugin. -->","yoast_head_json":{"title":"LOW-E-glas - eurostaklo.hr","robots":{"index":"index","follow":"follow","max-snippet":"max-snippet:-1","max-image-preview":"max-image-preview:large","max-video-preview":"max-video-preview:-1"},"canonical":"https:\/\/eurostaklo.hr\/de\/glaser\/low-e-glas\/","og_locale":"de_DE","og_type":"article","og_title":"LOW-E-glas - eurostaklo.hr","og_description":"[vc_row full_width=&#8220;stretch_row_content_no_spaces&#8220; equal_height=&#8220;yes&#8220; responsive_tabs_advanced=&#8220;mobile&#8220; css=&#8220;.vc_custom_1685050730150{margin-bottom: 100px !important;border-top-width: 1px !important;border-top-color: #efefef !important;border-top-style: solid !important;}&#8220; wd_z_index=&#8220;no&#8220; woodmart_css_id=&#8220;646fd55cc1927&#8243; responsive_spacing=&#8220;eyJwYXJhbV90eXBlIjoid29vZG1hcnRfcmVzcG9uc2l2ZV9zcGFjaW5nIiwic2VsZWN0b3JfaWQiOiI2NDZmZDU1Y2MxOTI3Iiwic2hvcnRjb2RlIjoidmNfcm93IiwiZGF0YSI6eyJ0YWJsZXQiOnsibWFyZ2luLWJvdHRvbSI6IjgwcHgiLCJib3JkZXItdG9wLXdpZHRoIjoiMCJ9LCJtb2JpbGUiOnsibWFyZ2luLWJvdHRvbSI6IjYwcHgiLCJib3JkZXItdG9wLXdpZHRoIjoiMCJ9fX0=&#8220; mobile_bg_img_hidden=&#8220;no&#8220; tablet_bg_img_hidden=&#8220;no&#8220; woodmart_parallax=&#8220;0&#8243; woodmart_gradient_switch=&#8220;no&#8220;","og_url":"https:\/\/eurostaklo.hr\/de\/glaser\/low-e-glas\/","og_site_name":"eurostaklo.hr","article_modified_time":"2025-05-31T10:08:18+00:00","twitter_card":"summary_large_image","twitter_misc":{"Gesch\u00e4tzte Lesezeit":"2\u00a0Minuten"},"schema":{"@context":"https:\/\/schema.org","@graph":[{"@type":"WebPage","@id":"https:\/\/eurostaklo.hr\/de\/glaser\/low-e-glas\/","url":"https:\/\/eurostaklo.hr\/de\/glaser\/low-e-glas\/","name":"LOW-E-glas - eurostaklo.hr","isPartOf":{"@id":"https:\/\/eurostaklo.hr\/#website"},"datePublished":"2023-04-18T22:59:24+00:00","dateModified":"2025-05-31T10:08:18+00:00","breadcrumb":{"@id":"https:\/\/eurostaklo.hr\/de\/glaser\/low-e-glas\/#breadcrumb"},"inLanguage":"de","potentialAction":[{"@type":"ReadAction","target":["https:\/\/eurostaklo.hr\/de\/glaser\/low-e-glas\/"]}]},{"@type":"BreadcrumbList","@id":"https:\/\/eurostaklo.hr\/de\/glaser\/low-e-glas\/#breadcrumb","itemListElement":[{"@type":"ListItem","position":1,"name":"Home","item":"https:\/\/eurostaklo.hr\/de\/"},{"@type":"ListItem","position":2,"name":"Gl\u00e4ser","item":"https:\/\/eurostaklo.hr\/de\/glaser\/"},{"@type":"ListItem","position":3,"name":"LOW-E-glas"}]},{"@type":"WebSite","@id":"https:\/\/eurostaklo.hr\/#website","url":"https:\/\/eurostaklo.hr\/","name":"eurostaklo.hr","description":"Feel The Glass","publisher":{"@id":"https:\/\/eurostaklo.hr\/#organization"},"potentialAction":[{"@type":"SearchAction","target":{"@type":"EntryPoint","urlTemplate":"https:\/\/eurostaklo.hr\/?s={search_term_string}"},"query-input":{"@type":"PropertyValueSpecification","valueRequired":true,"valueName":"search_term_string"}}],"inLanguage":"de"},{"@type":"Organization","@id":"https:\/\/eurostaklo.hr\/#organization","name":"eurostaklo.hr","url":"https:\/\/eurostaklo.hr\/","logo":{"@type":"ImageObject","inLanguage":"de","@id":"https:\/\/eurostaklo.hr\/#\/schema\/logo\/image\/","url":"https:\/\/eurostaklo.hr\/wp-content\/uploads\/2023\/04\/eurostaklo-logo-png.png","contentUrl":"https:\/\/eurostaklo.hr\/wp-content\/uploads\/2023\/04\/eurostaklo-logo-png.png","width":400,"height":84,"caption":"eurostaklo.hr"},"image":{"@id":"https:\/\/eurostaklo.hr\/#\/schema\/logo\/image\/"},"sameAs":["https:\/\/www.instagram.com\/eurostaklo\/"]}]}},"_links":{"self":[{"href":"https:\/\/eurostaklo.hr\/de\/wp-json\/wp\/v2\/pages\/1888","targetHints":{"allow":["GET"]}}],"collection":[{"href":"https:\/\/eurostaklo.hr\/de\/wp-json\/wp\/v2\/pages"}],"about":[{"href":"https:\/\/eurostaklo.hr\/de\/wp-json\/wp\/v2\/types\/page"}],"author":[{"embeddable":true,"href":"https:\/\/eurostaklo.hr\/de\/wp-json\/wp\/v2\/users\/1"}],"replies":[{"embeddable":true,"href":"https:\/\/eurostaklo.hr\/de\/wp-json\/wp\/v2\/comments?post=1888"}],"version-history":[{"count":3,"href":"https:\/\/eurostaklo.hr\/de\/wp-json\/wp\/v2\/pages\/1888\/revisions"}],"predecessor-version":[{"id":2059,"href":"https:\/\/eurostaklo.hr\/de\/wp-json\/wp\/v2\/pages\/1888\/revisions\/2059"}],"up":[{"embeddable":true,"href":"https:\/\/eurostaklo.hr\/de\/wp-json\/wp\/v2\/pages\/1881"}],"wp:attachment":[{"href":"https:\/\/eurostaklo.hr\/de\/wp-json\/wp\/v2\/media?parent=1888"}],"curies":[{"name":"wp","href":"https:\/\/api.w.org\/{rel}","templated":true}]}}