{"id":1979,"date":"2024-03-01T01:57:44","date_gmt":"2024-03-01T00:57:44","guid":{"rendered":"https:\/\/eurostaklo.hr\/informacije-o-projektu-vaucer-npoo-c1-1-2-r3-i2-01-v4-0136\/"},"modified":"2024-03-01T01:57:44","modified_gmt":"2024-03-01T00:57:44","slug":"informacije-o-projektu-vaucer-npoo-c1-1-2-r3-i2-01-v4-0136","status":"publish","type":"page","link":"https:\/\/eurostaklo.hr\/de\/informacije-o-projektu-vaucer-npoo-c1-1-2-r3-i2-01-v4-0136\/","title":{"rendered":"Informacije o projektu &#8211; Vau\u010der &#8211; NPOO.C1.1.2.R3-I2.01-V4.0136"},"content":{"rendered":"<div class=\"wpb-content-wrapper\"><p>[vc_row][vc_column][vc_column_text woodmart_inline=&#8220;no&#8220; text_larger=&#8220;no&#8220;]<strong>NAZIV PROJEKTA: <\/strong>EUROSTAKLO d.o.o. \u2013 Vau\u010der za dijagnostiku kiberneti\u010dke otpornosti (NPOO.C1.1.2.R3-I2.01-V4.0136)<\/p>\n<p><strong>KORISNIK<\/strong>: EUROSTAKLO d.o.o., Josipa bana Jela\u010di\u0107a 121, 31421 Satnica \u0110akova\u010dka<\/p>\n<p><strong>UKUPNA VRIJEDNOST PROJEKTA: <\/strong>12.500,00 EUR, od \u010dega su 10.000,00 EUR prihvatljivi izdaci<\/p>\n<p><strong>UKUPAN IZNOS BESPOVRATNIH SREDSTAVA<\/strong>: 6.000,00 EUR<\/p>\n<p><strong>FINANCIRANJE<\/strong>:<\/p>\n<p>Financira Europska unija \u2013 NextGenerationEU. Bespovratna sredstva osigurana su iz Mehanizma za oporavak i otpornost u sklopu Nacionalnog plana oporavka i otpornosti (NPOO), Poziva na dodjelu bespovratnih sredstava \u201eVau\u010deri za digitalizaciju\u201c (NPOO.C1.1.2. R3-I2.01)<\/p>\n<p><strong>RAZDOBLJE PROVEDBE OPERACIJE:<\/strong> od 30. sije\u010dnja 2024. do 30. sije\u010dnja 2025. godine<\/p>\n<p><strong>KONTAKT OSOBA ZA VI\u0160E INFORMACIJA<\/strong>: Luka Bari\u0161i\u0107, direktor i voditelj projekta, <a href=\"mailto:luka@eurostaklo.hr\">luka@eurostaklo.hr<\/a><\/p>\n<p><strong>KRATAK OPIS PROJEKTA<\/strong>:<\/p>\n<p>Cilj projekta je provjeriti kiberneti\u010dku otpornost poduze\u0107a EUROSTAKLO d.o.o. kroz sigurnosne provjere i penetracijska ispitivanja. Projektom su planirane sljede\u0107e aktivnosti:<\/p>\n<p>A1. Dijagnostika kiberneti\u010dke otpornosti (cybersecurity) \u2013 od strane pru\u017eatelja usluge, provest \u0107e se: provjera kiberneti\u010dke sigurnosti poduze\u0107a kroz provedbu sigurnosnih provjera sustava\/provjera propusnosti podataka, penetracijskih ispitivanja uz izradu pripadaju\u0107ih izvje\u0161\u0107a, sigurnosnog testiranja i detekcije kiberneti\u010dkih prijetnji informacijskom sustavu poduze\u0107a. Tako\u0111er, usluga uklju\u010duje analizu podataka i definiranje dodatnih pobolj\u0161anja sustava te generiranje izvje\u0161taja za potrebe regulatora, certifikacijskih ku\u0107a i sl. te edukaciju zaposlenika (5) od strane pru\u017eatelja usluga radi pove\u0107anja osposobljenosti.<\/p>\n<p>A2. Upravljanje projektom i administracija \u2013 formiran je projektni tim koji \u0107e administrativno upravljati projektom.<\/p>\n<p>A3. Promid\u017eba i vidljivost.<\/p>\n<p><strong>CILJEVI I O\u010cEKIVANI REZULTAT PROJEKTA:<\/strong><\/p>\n<p>Temeljem provedbe aktivnosti, posti\u0107i \u0107e se sljede\u0107i rezultati: Provjerena kiberneti\u010dka sigurnost poduze\u0107a kroz provedbu sigurnosnih provjera sustava\/provjera propusnosti podataka, penetracijskih ispitivanja uz izradu pripadaju\u0107ih izvje\u0161\u0107a, sigurnosnog testiranja i detekcije kiberneti\u010dkih prijetnji informacijskom sustavu poduze\u0107a te provedena edukacija zaposlenika.<\/p>\n<p>Realizacijom projekta i ostvarenim rezultatom, posti\u0107i \u0107e se specifi\u010dni cilj projekta: Provedba digitalizacije i digitalne transformacije poslovanja EUROSTAKLO d.o.o. kroz osposobljavanje i usluge za pove\u0107anje kiberneti\u010dke otpornosti sigurnosnim provjerama sustava. Navedeno \u0107e doprinijeti postizanju op\u0107eg cilja: Doprinijeti pove\u0107anju razine digitalne zrelosti poduze\u0107a EUROSTAKLO d.o.o. kroz unapre\u0111enje kiberneti\u010dke sigurnosti, \u0161to \u0107e u kona\u010dnici pove\u0107ati konkurentnost i otpornost poduze\u0107a kori\u0161tenjem digitalnih tehnologija.<\/p>\n<p><strong>POVEZNICE NA RELEVANTNE INTERNETSKE STRANICE<\/strong>:<\/p>\n<p><a href=\"https:\/\/planoporavka.gov.hr\/\" target=\"_blank\" rel=\"noopener\">https:\/\/planoporavka.gov.hr\/<\/a><\/p>\n<p><a href=\"https:\/\/fondovieu.gov.hr\/\" target=\"_blank\" rel=\"noopener\">https:\/\/fondovieu.gov.hr\/<\/a><\/p>\n<p><a href=\"https:\/\/mingor.gov.hr\/\" target=\"_blank\" rel=\"noopener\">https:\/\/mingor.gov.hr\/<\/a><\/p>\n<p><a href=\"https:\/\/hamagbicro.hr\/\" target=\"_blank\" rel=\"noopener\">https:\/\/hamagbicro.hr\/<\/a><\/p>\n<p><strong><em>Sadr\u017eaj ovog materijala isklju\u010diva je odgovornost poduze\u0107a EUROSTAKLO d.o.o.<\/em><\/strong><\/p>\n<p><img decoding=\"async\" src=\"\/wp-content\/uploads\/2023\/06\/eurostaklo-bespovratne-potpore.jpg\" alt=\"bespovratne-potpore\" \/><\/p>\n<p><em>\u201eFinancira Europska unija \u2013 NextGenerationEU. Izneseni stavovi i mi\u0161ljenja samo su autorova i ne odra\u017eavaju nu\u017eno slu\u017ebena stajali\u0161ta Europske unije ili Europske komisije. Ni Europska unija ni Europska komisija ne mogu se smatrati odgovornima za njih.\u201d<\/em>[\/vc_column_text][\/vc_column][\/vc_row]<\/p>\n<\/div>","protected":false},"excerpt":{"rendered":"<p>[vc_row][vc_column][vc_column_text woodmart_inline=&#8220;no&#8220; text_larger=&#8220;no&#8220;]NAZIV PROJEKTA: EUROSTAKLO d.o.o. \u2013 Vau\u010der za dijagnostiku kiberneti\u010dke otpornosti (NPOO.C1.1.2.R3-I2.01-V4.0136) KORISNIK: EUROSTAKLO d.o.o., Josipa bana Jela\u010di\u0107a 121,<\/p>\n","protected":false},"author":1,"featured_media":0,"parent":0,"menu_order":0,"comment_status":"closed","ping_status":"closed","template":"","meta":{"footnotes":""},"class_list":["post-1979","page","type-page","status-publish","hentry"],"yoast_head":"<!-- This site is optimized with the Yoast SEO plugin v26.3 - https:\/\/yoast.com\/wordpress\/plugins\/seo\/ -->\n<title>Informacije o projektu - Vau\u010der - NPOO.C1.1.2.R3-I2.01-V4.0136 - eurostaklo.hr<\/title>\n<meta name=\"robots\" content=\"index, follow, max-snippet:-1, max-image-preview:large, max-video-preview:-1\" \/>\n<link rel=\"canonical\" href=\"https:\/\/eurostaklo.hr\/de\/informacije-o-projektu-vaucer-npoo-c1-1-2-r3-i2-01-v4-0136\/\" \/>\n<meta property=\"og:locale\" content=\"de_DE\" \/>\n<meta property=\"og:type\" content=\"article\" \/>\n<meta property=\"og:title\" content=\"Informacije o projektu - Vau\u010der - NPOO.C1.1.2.R3-I2.01-V4.0136 - eurostaklo.hr\" \/>\n<meta property=\"og:description\" content=\"[vc_row][vc_column][vc_column_text woodmart_inline=&#8220;no&#8220; text_larger=&#8220;no&#8220;]NAZIV PROJEKTA: EUROSTAKLO d.o.o. \u2013 Vau\u010der za dijagnostiku kiberneti\u010dke otpornosti (NPOO.C1.1.2.R3-I2.01-V4.0136) KORISNIK: EUROSTAKLO d.o.o., Josipa bana Jela\u010di\u0107a 121,\" \/>\n<meta property=\"og:url\" content=\"https:\/\/eurostaklo.hr\/de\/informacije-o-projektu-vaucer-npoo-c1-1-2-r3-i2-01-v4-0136\/\" \/>\n<meta property=\"og:site_name\" content=\"eurostaklo.hr\" \/>\n<meta name=\"twitter:card\" content=\"summary_large_image\" \/>\n<meta name=\"twitter:label1\" content=\"Gesch\u00e4tzte Lesezeit\" \/>\n\t<meta name=\"twitter:data1\" content=\"2\u00a0Minuten\" \/>\n<script type=\"application\/ld+json\" class=\"yoast-schema-graph\">{\"@context\":\"https:\/\/schema.org\",\"@graph\":[{\"@type\":\"WebPage\",\"@id\":\"https:\/\/eurostaklo.hr\/de\/informacije-o-projektu-vaucer-npoo-c1-1-2-r3-i2-01-v4-0136\/\",\"url\":\"https:\/\/eurostaklo.hr\/de\/informacije-o-projektu-vaucer-npoo-c1-1-2-r3-i2-01-v4-0136\/\",\"name\":\"Informacije o projektu - Vau\u010der - NPOO.C1.1.2.R3-I2.01-V4.0136 - eurostaklo.hr\",\"isPartOf\":{\"@id\":\"https:\/\/eurostaklo.hr\/#website\"},\"datePublished\":\"2024-03-01T00:57:44+00:00\",\"breadcrumb\":{\"@id\":\"https:\/\/eurostaklo.hr\/de\/informacije-o-projektu-vaucer-npoo-c1-1-2-r3-i2-01-v4-0136\/#breadcrumb\"},\"inLanguage\":\"de\",\"potentialAction\":[{\"@type\":\"ReadAction\",\"target\":[\"https:\/\/eurostaklo.hr\/de\/informacije-o-projektu-vaucer-npoo-c1-1-2-r3-i2-01-v4-0136\/\"]}]},{\"@type\":\"BreadcrumbList\",\"@id\":\"https:\/\/eurostaklo.hr\/de\/informacije-o-projektu-vaucer-npoo-c1-1-2-r3-i2-01-v4-0136\/#breadcrumb\",\"itemListElement\":[{\"@type\":\"ListItem\",\"position\":1,\"name\":\"Home\",\"item\":\"https:\/\/eurostaklo.hr\/de\/\"},{\"@type\":\"ListItem\",\"position\":2,\"name\":\"Informacije o projektu &#8211; Vau\u010der &#8211; NPOO.C1.1.2.R3-I2.01-V4.0136\"}]},{\"@type\":\"WebSite\",\"@id\":\"https:\/\/eurostaklo.hr\/#website\",\"url\":\"https:\/\/eurostaklo.hr\/\",\"name\":\"eurostaklo.hr\",\"description\":\"Feel The Glass\",\"publisher\":{\"@id\":\"https:\/\/eurostaklo.hr\/#organization\"},\"potentialAction\":[{\"@type\":\"SearchAction\",\"target\":{\"@type\":\"EntryPoint\",\"urlTemplate\":\"https:\/\/eurostaklo.hr\/?s={search_term_string}\"},\"query-input\":{\"@type\":\"PropertyValueSpecification\",\"valueRequired\":true,\"valueName\":\"search_term_string\"}}],\"inLanguage\":\"de\"},{\"@type\":\"Organization\",\"@id\":\"https:\/\/eurostaklo.hr\/#organization\",\"name\":\"eurostaklo.hr\",\"url\":\"https:\/\/eurostaklo.hr\/\",\"logo\":{\"@type\":\"ImageObject\",\"inLanguage\":\"de\",\"@id\":\"https:\/\/eurostaklo.hr\/#\/schema\/logo\/image\/\",\"url\":\"https:\/\/eurostaklo.hr\/wp-content\/uploads\/2023\/04\/eurostaklo-logo-png.png\",\"contentUrl\":\"https:\/\/eurostaklo.hr\/wp-content\/uploads\/2023\/04\/eurostaklo-logo-png.png\",\"width\":400,\"height\":84,\"caption\":\"eurostaklo.hr\"},\"image\":{\"@id\":\"https:\/\/eurostaklo.hr\/#\/schema\/logo\/image\/\"},\"sameAs\":[\"https:\/\/www.instagram.com\/eurostaklo\/\"]}]}<\/script>\n<!-- \/ Yoast SEO plugin. -->","yoast_head_json":{"title":"Informacije o projektu - Vau\u010der - NPOO.C1.1.2.R3-I2.01-V4.0136 - eurostaklo.hr","robots":{"index":"index","follow":"follow","max-snippet":"max-snippet:-1","max-image-preview":"max-image-preview:large","max-video-preview":"max-video-preview:-1"},"canonical":"https:\/\/eurostaklo.hr\/de\/informacije-o-projektu-vaucer-npoo-c1-1-2-r3-i2-01-v4-0136\/","og_locale":"de_DE","og_type":"article","og_title":"Informacije o projektu - Vau\u010der - NPOO.C1.1.2.R3-I2.01-V4.0136 - eurostaklo.hr","og_description":"[vc_row][vc_column][vc_column_text woodmart_inline=&#8220;no&#8220; text_larger=&#8220;no&#8220;]NAZIV PROJEKTA: EUROSTAKLO d.o.o. \u2013 Vau\u010der za dijagnostiku kiberneti\u010dke otpornosti (NPOO.C1.1.2.R3-I2.01-V4.0136) KORISNIK: EUROSTAKLO d.o.o., Josipa bana Jela\u010di\u0107a 121,","og_url":"https:\/\/eurostaklo.hr\/de\/informacije-o-projektu-vaucer-npoo-c1-1-2-r3-i2-01-v4-0136\/","og_site_name":"eurostaklo.hr","twitter_card":"summary_large_image","twitter_misc":{"Gesch\u00e4tzte Lesezeit":"2\u00a0Minuten"},"schema":{"@context":"https:\/\/schema.org","@graph":[{"@type":"WebPage","@id":"https:\/\/eurostaklo.hr\/de\/informacije-o-projektu-vaucer-npoo-c1-1-2-r3-i2-01-v4-0136\/","url":"https:\/\/eurostaklo.hr\/de\/informacije-o-projektu-vaucer-npoo-c1-1-2-r3-i2-01-v4-0136\/","name":"Informacije o projektu - Vau\u010der - NPOO.C1.1.2.R3-I2.01-V4.0136 - eurostaklo.hr","isPartOf":{"@id":"https:\/\/eurostaklo.hr\/#website"},"datePublished":"2024-03-01T00:57:44+00:00","breadcrumb":{"@id":"https:\/\/eurostaklo.hr\/de\/informacije-o-projektu-vaucer-npoo-c1-1-2-r3-i2-01-v4-0136\/#breadcrumb"},"inLanguage":"de","potentialAction":[{"@type":"ReadAction","target":["https:\/\/eurostaklo.hr\/de\/informacije-o-projektu-vaucer-npoo-c1-1-2-r3-i2-01-v4-0136\/"]}]},{"@type":"BreadcrumbList","@id":"https:\/\/eurostaklo.hr\/de\/informacije-o-projektu-vaucer-npoo-c1-1-2-r3-i2-01-v4-0136\/#breadcrumb","itemListElement":[{"@type":"ListItem","position":1,"name":"Home","item":"https:\/\/eurostaklo.hr\/de\/"},{"@type":"ListItem","position":2,"name":"Informacije o projektu &#8211; Vau\u010der &#8211; NPOO.C1.1.2.R3-I2.01-V4.0136"}]},{"@type":"WebSite","@id":"https:\/\/eurostaklo.hr\/#website","url":"https:\/\/eurostaklo.hr\/","name":"eurostaklo.hr","description":"Feel The Glass","publisher":{"@id":"https:\/\/eurostaklo.hr\/#organization"},"potentialAction":[{"@type":"SearchAction","target":{"@type":"EntryPoint","urlTemplate":"https:\/\/eurostaklo.hr\/?s={search_term_string}"},"query-input":{"@type":"PropertyValueSpecification","valueRequired":true,"valueName":"search_term_string"}}],"inLanguage":"de"},{"@type":"Organization","@id":"https:\/\/eurostaklo.hr\/#organization","name":"eurostaklo.hr","url":"https:\/\/eurostaklo.hr\/","logo":{"@type":"ImageObject","inLanguage":"de","@id":"https:\/\/eurostaklo.hr\/#\/schema\/logo\/image\/","url":"https:\/\/eurostaklo.hr\/wp-content\/uploads\/2023\/04\/eurostaklo-logo-png.png","contentUrl":"https:\/\/eurostaklo.hr\/wp-content\/uploads\/2023\/04\/eurostaklo-logo-png.png","width":400,"height":84,"caption":"eurostaklo.hr"},"image":{"@id":"https:\/\/eurostaklo.hr\/#\/schema\/logo\/image\/"},"sameAs":["https:\/\/www.instagram.com\/eurostaklo\/"]}]}},"_links":{"self":[{"href":"https:\/\/eurostaklo.hr\/de\/wp-json\/wp\/v2\/pages\/1979","targetHints":{"allow":["GET"]}}],"collection":[{"href":"https:\/\/eurostaklo.hr\/de\/wp-json\/wp\/v2\/pages"}],"about":[{"href":"https:\/\/eurostaklo.hr\/de\/wp-json\/wp\/v2\/types\/page"}],"author":[{"embeddable":true,"href":"https:\/\/eurostaklo.hr\/de\/wp-json\/wp\/v2\/users\/1"}],"replies":[{"embeddable":true,"href":"https:\/\/eurostaklo.hr\/de\/wp-json\/wp\/v2\/comments?post=1979"}],"version-history":[{"count":0,"href":"https:\/\/eurostaklo.hr\/de\/wp-json\/wp\/v2\/pages\/1979\/revisions"}],"wp:attachment":[{"href":"https:\/\/eurostaklo.hr\/de\/wp-json\/wp\/v2\/media?parent=1979"}],"curies":[{"name":"wp","href":"https:\/\/api.w.org\/{rel}","templated":true}]}}