{"id":1716,"date":"2023-06-15T00:03:51","date_gmt":"2023-06-14T22:03:51","guid":{"rendered":"https:\/\/eurostaklo.hr\/bespovratne-potpore-za-digitalizaciju-npoo-c1-1-2-r3-i3-01\/"},"modified":"2023-08-17T13:17:58","modified_gmt":"2023-08-17T11:17:58","slug":"bespovratne-potpore-za-digitalizaciju-npoo-c1-1-2-r3-i3-01","status":"publish","type":"page","link":"https:\/\/eurostaklo.hr\/en\/bespovratne-potpore-za-digitalizaciju-npoo-c1-1-2-r3-i3-01\/","title":{"rendered":"Bespovratne potpore za digitalizaciju &#8211; NPOO.C1.1.2.R3-I3.01"},"content":{"rendered":"<div class=\"wpb-content-wrapper\"><p>[vc_row][vc_column][vc_column_text woodmart_inline=&#8221;no&#8221; text_larger=&#8221;no&#8221;]<strong>NAZIV PROJEKTA: <\/strong>Uvo\u0111enje digitalnih rje\u0161enja u poslovanje poduze\u0107a EUROSTAKLO d.o.o. (NPOO.C1.1.2.R3-I3.01.0318)<\/p>\n<p><strong>KORISNIK<\/strong>:<\/p>\n<p><strong>UKUPNA VRIJEDNOST PROJEKTA: <\/strong>157.210,99 EUR, od \u010dega 125.768,79 EUR su prihvatljivi izdaci<\/p>\n<p><strong>UKUPAN IZNOS BESPOVRATNIH SREDSTAVA<\/strong>: 81.749,71 EUR<\/p>\n<p><strong>FINANCIRANJE<\/strong>:<\/p>\n<p>Bespovratna sredstva osigurana su iz Mehanizma za oporavak i otpornost u sklopu Nacionalnog plana oporavka i otpornosti (NPOO), Poziva na dodjelu bespovratnih sredstava \u201eBespovratne potpore za digitalizaciju\u201c (NPOO.C1.1.2. R3-I3.01)<\/p>\n<p><strong>RAZDOBLJE PROVEDBE OPERACIJE:<\/strong> od 10. listopada 2022. do 10. listopada 2023. godine<\/p>\n<p><strong>KONTAKT OSOBA ZA VI\u0160E INFORMACIJA<\/strong>: Zdravko Sto\u0161i\u0107, voditelj projekta, <a href=\"mailto:stosic@eurostaklo.hr\">stosic@eurostaklo.hr<\/a><\/p>\n<p><strong>KRATAK OPIS PROJEKTA<\/strong>:<\/p>\n<p>Ja\u010danje digitalnih kompetencija djelatnika i implementacija digitalnih rje\u0161enja (ERP i CAM) omogu\u0107it \u0107e unapre\u0111enje poslovnih procesa te poslovnih modela, \u0161to \u0107e rezultirati zadr\u017eavanjem postoje\u0107ih i otvaranjem novog radnog mjesta, pove\u0107anjem u\u010dinkovitosti, kompetitivnosti i internacionalizacije poslovanja poduze\u0107a EUROSTAKLO d.o.o. Navedenim se stvaraju uvjeti za pove\u0107anje konkurentnosti na doma\u0107em i inozemnom tr\u017ei\u0161tu, a sve u skladu s postavljenim marketin\u0161kim ciljevima.<\/p>\n<p>U\u010dinci provedbe projekta su sljede\u0107i:<\/p>\n<ul>\n<li>Pove\u0107an prihod od prodaje za 20,1% u godini m+2,<\/li>\n<li>Pove\u0107anje prihoda od izvoza za 5% u godini m+2,<\/li>\n<li>Zadr\u017eavanje postoje\u0107ih zaposlenika i pove\u0107anje broja zaposlenika za 1 (u godini m+1).<\/li>\n<\/ul>\n<p>Kako bi se provela digitalna strategija te pove\u0107ala konkurentnost poduze\u0107a, planiran je predmetni projekt koji obuhva\u0107a aktivnosti:<\/p>\n<ul>\n<li>Priprema Plana digitalne transformacije<\/li>\n<li>Izrada i nabava digitalnih rje\u0161enja i tehnologija namijenjenih unapre\u0111enju digitalizacije u svrhu digitalne transformacije poslovanja, poslovnih procesa i proizvodnje (nabavlja se 1 sustav za upravljanje kalionicom (CAM \u2013 proizvodnja potpomognuta ra\u010dunalom) te se izra\u0111uje 1 ERP sustav (upravljanje resursima poduze\u0107a)<\/li>\n<li>Ja\u010danje digitalnih vje\u0161tina zaposlenika<\/li>\n<li>Upravljanje projektom i administracija<\/li>\n<li>Promid\u017eba i vidljivost.<\/li>\n<\/ul>\n<p>Dodatno, provest \u0107e se mjere horizontalnih na\u010dela.<\/p>\n<p><strong>CILJEVI I O\u010cEKIVANI REZULTAT PROJEKTA:<\/strong><\/p>\n<p>Provedbom, posti\u0107i \u0107e se rezultat: Pripremljen Plan digitalne transformacije poduze\u0107a, instalirana 2 digitalna rje\u0161enja i tehnologije (ERP i CAM) namijenjena unapre\u0111enju digitalizacije te oja\u010dane digitalne vje\u0161tine djelatnika u svrhu digitalne transformacije poslovanja i poslovnih procesa poduze\u0107a EUROSTAKLO d.o.o.<\/p>\n<p>Ostvarivanjem rezultata, posti\u017ee se specifi\u010dni cilj (svrha) projekta: uvo\u0111enje digitalnih rje\u0161enja u poslovanje kroz ulaganja u digitalne alate za uvo\u0111enje novog na\u010dina poslovanja poduze\u0107a, odnosno zna\u010dajno pobolj\u0161anih proizvodnih postupaka, na\u010dina isporuke i organizacijskih praksi te ja\u010danje digitalnih vje\u0161tina na temelju plana potreba digitalizacije u svrhu digitalne transformacije. Op\u0107i cilj je posti\u0107i digitalnu transformaciju poduze\u0107a nabavom digitalnih alata te ja\u010danjem digitalnih vje\u0161tina za razvoj i primjenu unaprije\u0111enih proizvoda i usluge te procesa, \u0161to \u0107e u kona\u010dnici rezultirati ja\u010danjem tr\u017ei\u0161ne pozicije poduze\u0107a i rastom produktivnosti.<\/p>\n<p><strong>POVEZNICE NA RELEVANTNE INTERNETSKE STRANICE<\/strong>:<\/p>\n<p><a href=\"https:\/\/planoporavka.gov.hr\/\" target=\"_blank\" rel=\"noopener\">https:\/\/planoporavka.gov.hr\/<\/a><\/p>\n<p><a href=\"https:\/\/fondovieu.gov.hr\/\" target=\"_blank\" rel=\"noopener\">https:\/\/fondovieu.gov.hr\/<\/a><\/p>\n<p><a href=\"https:\/\/mingor.gov.hr\/\" target=\"_blank\" rel=\"noopener\">https:\/\/mingor.gov.hr\/<\/a><\/p>\n<p><a href=\"https:\/\/hamagbicro.hr\/\" target=\"_blank\" rel=\"noopener\">https:\/\/hamagbicro.hr\/<\/a><\/p>\n<p><strong><em>Sadr\u017eaj ovog materijala isklju\u010diva je odgovornost poduze\u0107a EUROSTAKLO d.o.o.<\/em><\/strong><\/p>\n<p><img decoding=\"async\" src=\"\/wp-content\/uploads\/2023\/06\/eurostaklo-bespovratne-potpore.jpg\" alt=\"bespovratne-potpore\" \/>[\/vc_column_text][\/vc_column][\/vc_row]<\/p>\n<\/div>","protected":false},"excerpt":{"rendered":"<p>[vc_row][vc_column][vc_column_text woodmart_inline=&#8221;no&#8221; text_larger=&#8221;no&#8221;]NAZIV PROJEKTA: Uvo\u0111enje digitalnih rje\u0161enja u poslovanje poduze\u0107a EUROSTAKLO d.o.o. (NPOO.C1.1.2.R3-I3.01.0318) KORISNIK: UKUPNA VRIJEDNOST PROJEKTA: 157.210,99 EUR, od<\/p>\n","protected":false},"author":1,"featured_media":0,"parent":0,"menu_order":0,"comment_status":"closed","ping_status":"closed","template":"","meta":{"footnotes":""},"class_list":["post-1716","page","type-page","status-publish","hentry"],"yoast_head":"<!-- This site is optimized with the Yoast SEO plugin v26.3 - https:\/\/yoast.com\/wordpress\/plugins\/seo\/ -->\n<title>Bespovratne potpore za digitalizaciju - NPOO.C1.1.2.R3-I3.01 - eurostaklo.hr<\/title>\n<meta name=\"robots\" content=\"index, follow, max-snippet:-1, max-image-preview:large, max-video-preview:-1\" \/>\n<link rel=\"canonical\" href=\"https:\/\/eurostaklo.hr\/bespovratne-potpore-za-digitalizaciju-npoo-c1-1-2-r3-i3-01\/\" \/>\n<meta property=\"og:locale\" content=\"en_US\" \/>\n<meta property=\"og:type\" content=\"article\" \/>\n<meta property=\"og:title\" content=\"Bespovratne potpore za digitalizaciju - NPOO.C1.1.2.R3-I3.01 - eurostaklo.hr\" \/>\n<meta property=\"og:description\" content=\"[vc_row][vc_column][vc_column_text woodmart_inline=&#8221;no&#8221; text_larger=&#8221;no&#8221;]NAZIV PROJEKTA: Uvo\u0111enje digitalnih rje\u0161enja u poslovanje poduze\u0107a EUROSTAKLO d.o.o. (NPOO.C1.1.2.R3-I3.01.0318) KORISNIK: UKUPNA VRIJEDNOST PROJEKTA: 157.210,99 EUR, od\" \/>\n<meta property=\"og:url\" content=\"https:\/\/eurostaklo.hr\/bespovratne-potpore-za-digitalizaciju-npoo-c1-1-2-r3-i3-01\/\" \/>\n<meta property=\"og:site_name\" content=\"eurostaklo.hr\" \/>\n<meta property=\"article:modified_time\" content=\"2023-08-17T11:17:58+00:00\" \/>\n<meta name=\"twitter:card\" content=\"summary_large_image\" \/>\n<meta name=\"twitter:label1\" content=\"Est. reading time\" \/>\n\t<meta name=\"twitter:data1\" content=\"3 minutes\" \/>\n<script type=\"application\/ld+json\" class=\"yoast-schema-graph\">{\"@context\":\"https:\/\/schema.org\",\"@graph\":[{\"@type\":\"WebPage\",\"@id\":\"https:\/\/eurostaklo.hr\/bespovratne-potpore-za-digitalizaciju-npoo-c1-1-2-r3-i3-01\/\",\"url\":\"https:\/\/eurostaklo.hr\/bespovratne-potpore-za-digitalizaciju-npoo-c1-1-2-r3-i3-01\/\",\"name\":\"Bespovratne potpore za digitalizaciju - NPOO.C1.1.2.R3-I3.01 - eurostaklo.hr\",\"isPartOf\":{\"@id\":\"https:\/\/eurostaklo.hr\/#website\"},\"datePublished\":\"2023-06-14T22:03:51+00:00\",\"dateModified\":\"2023-08-17T11:17:58+00:00\",\"breadcrumb\":{\"@id\":\"https:\/\/eurostaklo.hr\/bespovratne-potpore-za-digitalizaciju-npoo-c1-1-2-r3-i3-01\/#breadcrumb\"},\"inLanguage\":\"en-US\",\"potentialAction\":[{\"@type\":\"ReadAction\",\"target\":[\"https:\/\/eurostaklo.hr\/bespovratne-potpore-za-digitalizaciju-npoo-c1-1-2-r3-i3-01\/\"]}]},{\"@type\":\"BreadcrumbList\",\"@id\":\"https:\/\/eurostaklo.hr\/bespovratne-potpore-za-digitalizaciju-npoo-c1-1-2-r3-i3-01\/#breadcrumb\",\"itemListElement\":[{\"@type\":\"ListItem\",\"position\":1,\"name\":\"Home\",\"item\":\"https:\/\/eurostaklo.hr\/en\/\"},{\"@type\":\"ListItem\",\"position\":2,\"name\":\"Bespovratne potpore za digitalizaciju &#8211; NPOO.C1.1.2.R3-I3.01\"}]},{\"@type\":\"WebSite\",\"@id\":\"https:\/\/eurostaklo.hr\/#website\",\"url\":\"https:\/\/eurostaklo.hr\/\",\"name\":\"eurostaklo.hr\",\"description\":\"Feel The Glass\",\"publisher\":{\"@id\":\"https:\/\/eurostaklo.hr\/#organization\"},\"potentialAction\":[{\"@type\":\"SearchAction\",\"target\":{\"@type\":\"EntryPoint\",\"urlTemplate\":\"https:\/\/eurostaklo.hr\/?s={search_term_string}\"},\"query-input\":{\"@type\":\"PropertyValueSpecification\",\"valueRequired\":true,\"valueName\":\"search_term_string\"}}],\"inLanguage\":\"en-US\"},{\"@type\":\"Organization\",\"@id\":\"https:\/\/eurostaklo.hr\/#organization\",\"name\":\"eurostaklo.hr\",\"url\":\"https:\/\/eurostaklo.hr\/\",\"logo\":{\"@type\":\"ImageObject\",\"inLanguage\":\"en-US\",\"@id\":\"https:\/\/eurostaklo.hr\/#\/schema\/logo\/image\/\",\"url\":\"https:\/\/eurostaklo.hr\/wp-content\/uploads\/2023\/04\/eurostaklo-logo-png.png\",\"contentUrl\":\"https:\/\/eurostaklo.hr\/wp-content\/uploads\/2023\/04\/eurostaklo-logo-png.png\",\"width\":400,\"height\":84,\"caption\":\"eurostaklo.hr\"},\"image\":{\"@id\":\"https:\/\/eurostaklo.hr\/#\/schema\/logo\/image\/\"},\"sameAs\":[\"https:\/\/www.instagram.com\/eurostaklo\/\"]}]}<\/script>\n<!-- \/ Yoast SEO plugin. -->","yoast_head_json":{"title":"Bespovratne potpore za digitalizaciju - NPOO.C1.1.2.R3-I3.01 - eurostaklo.hr","robots":{"index":"index","follow":"follow","max-snippet":"max-snippet:-1","max-image-preview":"max-image-preview:large","max-video-preview":"max-video-preview:-1"},"canonical":"https:\/\/eurostaklo.hr\/bespovratne-potpore-za-digitalizaciju-npoo-c1-1-2-r3-i3-01\/","og_locale":"en_US","og_type":"article","og_title":"Bespovratne potpore za digitalizaciju - NPOO.C1.1.2.R3-I3.01 - eurostaklo.hr","og_description":"[vc_row][vc_column][vc_column_text woodmart_inline=&#8221;no&#8221; text_larger=&#8221;no&#8221;]NAZIV PROJEKTA: Uvo\u0111enje digitalnih rje\u0161enja u poslovanje poduze\u0107a EUROSTAKLO d.o.o. (NPOO.C1.1.2.R3-I3.01.0318) KORISNIK: UKUPNA VRIJEDNOST PROJEKTA: 157.210,99 EUR, od","og_url":"https:\/\/eurostaklo.hr\/bespovratne-potpore-za-digitalizaciju-npoo-c1-1-2-r3-i3-01\/","og_site_name":"eurostaklo.hr","article_modified_time":"2023-08-17T11:17:58+00:00","twitter_card":"summary_large_image","twitter_misc":{"Est. reading time":"3 minutes"},"schema":{"@context":"https:\/\/schema.org","@graph":[{"@type":"WebPage","@id":"https:\/\/eurostaklo.hr\/bespovratne-potpore-za-digitalizaciju-npoo-c1-1-2-r3-i3-01\/","url":"https:\/\/eurostaklo.hr\/bespovratne-potpore-za-digitalizaciju-npoo-c1-1-2-r3-i3-01\/","name":"Bespovratne potpore za digitalizaciju - NPOO.C1.1.2.R3-I3.01 - eurostaklo.hr","isPartOf":{"@id":"https:\/\/eurostaklo.hr\/#website"},"datePublished":"2023-06-14T22:03:51+00:00","dateModified":"2023-08-17T11:17:58+00:00","breadcrumb":{"@id":"https:\/\/eurostaklo.hr\/bespovratne-potpore-za-digitalizaciju-npoo-c1-1-2-r3-i3-01\/#breadcrumb"},"inLanguage":"en-US","potentialAction":[{"@type":"ReadAction","target":["https:\/\/eurostaklo.hr\/bespovratne-potpore-za-digitalizaciju-npoo-c1-1-2-r3-i3-01\/"]}]},{"@type":"BreadcrumbList","@id":"https:\/\/eurostaklo.hr\/bespovratne-potpore-za-digitalizaciju-npoo-c1-1-2-r3-i3-01\/#breadcrumb","itemListElement":[{"@type":"ListItem","position":1,"name":"Home","item":"https:\/\/eurostaklo.hr\/en\/"},{"@type":"ListItem","position":2,"name":"Bespovratne potpore za digitalizaciju &#8211; NPOO.C1.1.2.R3-I3.01"}]},{"@type":"WebSite","@id":"https:\/\/eurostaklo.hr\/#website","url":"https:\/\/eurostaklo.hr\/","name":"eurostaklo.hr","description":"Feel The Glass","publisher":{"@id":"https:\/\/eurostaklo.hr\/#organization"},"potentialAction":[{"@type":"SearchAction","target":{"@type":"EntryPoint","urlTemplate":"https:\/\/eurostaklo.hr\/?s={search_term_string}"},"query-input":{"@type":"PropertyValueSpecification","valueRequired":true,"valueName":"search_term_string"}}],"inLanguage":"en-US"},{"@type":"Organization","@id":"https:\/\/eurostaklo.hr\/#organization","name":"eurostaklo.hr","url":"https:\/\/eurostaklo.hr\/","logo":{"@type":"ImageObject","inLanguage":"en-US","@id":"https:\/\/eurostaklo.hr\/#\/schema\/logo\/image\/","url":"https:\/\/eurostaklo.hr\/wp-content\/uploads\/2023\/04\/eurostaklo-logo-png.png","contentUrl":"https:\/\/eurostaklo.hr\/wp-content\/uploads\/2023\/04\/eurostaklo-logo-png.png","width":400,"height":84,"caption":"eurostaklo.hr"},"image":{"@id":"https:\/\/eurostaklo.hr\/#\/schema\/logo\/image\/"},"sameAs":["https:\/\/www.instagram.com\/eurostaklo\/"]}]}},"_links":{"self":[{"href":"https:\/\/eurostaklo.hr\/en\/wp-json\/wp\/v2\/pages\/1716","targetHints":{"allow":["GET"]}}],"collection":[{"href":"https:\/\/eurostaklo.hr\/en\/wp-json\/wp\/v2\/pages"}],"about":[{"href":"https:\/\/eurostaklo.hr\/en\/wp-json\/wp\/v2\/types\/page"}],"author":[{"embeddable":true,"href":"https:\/\/eurostaklo.hr\/en\/wp-json\/wp\/v2\/users\/1"}],"replies":[{"embeddable":true,"href":"https:\/\/eurostaklo.hr\/en\/wp-json\/wp\/v2\/comments?post=1716"}],"version-history":[{"count":1,"href":"https:\/\/eurostaklo.hr\/en\/wp-json\/wp\/v2\/pages\/1716\/revisions"}],"predecessor-version":[{"id":1832,"href":"https:\/\/eurostaklo.hr\/en\/wp-json\/wp\/v2\/pages\/1716\/revisions\/1832"}],"wp:attachment":[{"href":"https:\/\/eurostaklo.hr\/en\/wp-json\/wp\/v2\/media?parent=1716"}],"curies":[{"name":"wp","href":"https:\/\/api.w.org\/{rel}","templated":true}]}}