{"id":1983,"date":"2024-03-01T02:00:23","date_gmt":"2024-03-01T01:00:23","guid":{"rendered":"https:\/\/eurostaklo.hr\/informacije-o-projektu-npoo-c1-1-1-r4-i1-01-0210\/"},"modified":"2025-05-31T12:19:42","modified_gmt":"2025-05-31T10:19:42","slug":"informacije-o-projektu-npoo-c1-1-1-r4-i1-01-0210","status":"publish","type":"page","link":"https:\/\/eurostaklo.hr\/en\/informacije-o-projektu-npoo-c1-1-1-r4-i1-01-0210\/","title":{"rendered":"Informacije o projektu &#8211; NPOO.C1.1.1.R4-I1.01.0210"},"content":{"rendered":"<div class=\"wpb-content-wrapper\"><p>[vc_row][vc_column][vc_column_text woodmart_inline=&#8221;no&#8221; text_larger=&#8221;no&#8221;]<strong>NAZIV PROJEKTA: <\/strong>Energetski i resursno u\u010dinkovita proizvodnja poduze\u0107a EUROSTAKLO d.o.o. (NPOO.C1.1.1.R4-I1.01.0210)<\/p>\n<p><strong>KORISNIK<\/strong>: EUROSTAKLO d.o.o., Josipa bana Jela\u010di\u0107a 121, 31421 Satnica \u0110akova\u010dka<\/p>\n<p><strong>UKUPNA VRIJEDNOST PROJEKTA: <\/strong>1.636.222,16 EUR, od \u010dega su 1.593.046,60 EUR prihvatljivi izdaci<\/p>\n<p><strong>UKUPAN IZNOS BESPOVRATNIH SREDSTAVA<\/strong>: 995.420,92 EUR<\/p>\n<p><strong>FINANCIRANJE<\/strong>:<\/p>\n<p>Financira Europska unija \u2013 NextGenerationEU. Bespovratna sredstva osigurana su iz Mehanizma za oporavak i otpornost u sklopu Nacionalnog plana oporavka i otpornosti (NPOO), Poziva na dodjelu bespovratnih sredstava \u201ePotpora poduze\u0107ima za tranziciju na energetski i resursno u\u010dinkovito gospodarstvo\u201c (NPOO.C1.1.1.R4-I1.01)<\/p>\n<p><strong>RAZDOBLJE PROVEDBE OPERACIJE:<\/strong> od 5. sije\u010dnja 2023. do 5. travnja 2025. godine<\/p>\n<p><strong>KONTAKT OSOBA ZA VI\u0160E INFORMACIJA<\/strong>: Luka Bari\u0161i\u0107, direktor i voditelj projekta, <a href=\"mailto:luka@eurostaklo.hr\">luka@eurostaklo.hr<\/a><\/p>\n<p><strong>KRATAK OPIS PROJEKTA<\/strong>:<\/p>\n<p>Korisnik je prepoznao zelenu tranziciju kao klju\u010dni proces za daljnji razvoj kojem pristupa strate\u0161ki i sveobuhvatno. Kako bi ostvario planiranu zelenu tranziciju, Korisnik je zadovoljio glavne preduvjete za postizanje iste: a) ovakva promjena u poduze\u0107u je strate\u0161ki planirana te dolazi od menad\u017ementa koji je glavni nositelj promjene; b) osigurana su sredstva za vlastito sufinanciranje projekta; c) izra\u0111ena je projektno-tehni\u010dka dokumentacija te je isho\u0111ena EES i Potvrda Glavnog projekta (FN elektrane); d) spremnost na promjene u korporativnoj kulturi; e) djelatnici posjeduju zadovoljavaju\u0107e kvalifikacije, zainteresirani su i spremni na promjene u vidu zelene tranzicije.<\/p>\n<p>Projektom su planirane sljede\u0107e aktivnosti:<\/p>\n<ul>\n<li>Ulaganje u materijalnu i nematerijalnu imovinu \u2013 Pro\u0161irenje kapaciteta postoje\u0107e poslovne jedinice vezane uz proizvodnju IZO stakla, a uklju\u010duje implementaciju IZO linije za sklapanje stakla te linije za rezanje stakla. Zaposlenici \u0107e ste\u0107i zelene vje\u0161tine u radu na novoj tehnologiji.<\/li>\n<li>Poticanje proizvodnje energije iz obnovljivih izvora \u2013 Postavit \u0107e se fotonaponska elektrana na krovu postoje\u0107e gra\u0111evine, ukupne vr\u0161ne snage 100 kW (AC), koja \u0107e proizvoditi el. energiju isklju\u010divo za vlastite potrebe.<\/li>\n<li>Provedba energetskog pregleda poduze\u0107a \u2013 Nakon izgradnje fotonaponske elektrane i opremanja, od strane ugovorenog subjekta, provest \u0107e se energetski pregled.<\/li>\n<li>Upravljanje projektom i administracija \u2013 formiran je projektni tim \u0107e se anga\u017eirati potrebne usluge za realizaciju projekta.<\/li>\n<li>Promid\u017eba i vidljivost.<\/li>\n<\/ul>\n<p>Dodatno, korisnik \u0107e provesti mjere horizontalnih na\u010dela\u00a0te mjere koje doprinose okoli\u0161nim ciljevima\/zelenoj tranziciji.<\/p>\n<p><strong>CILJEVI I O\u010cEKIVANI REZULTAT PROJEKTA:<\/strong><\/p>\n<p>Provedbom aktivnosti, posti\u0107i \u0107e se rezultat projekta koji se odnosi na: Postavljena fotonaponska elektrana, implementirani strojevi te uvedene nove tehnologije u proizvodni proces koje rezultiraju u\u010dinkovitijim kori\u0161tenjem resursa, smanjenjem utro\u0161ka energije i smanjenjem emisija CO2 te proveden energetski pregled poduze\u0107a i mjere koje doprinose za\u0161titi \u010dovjekove okoline i zelenim ciljevima.<\/p>\n<p>Ostvarivanjem rezultata, posti\u017ee se specifi\u010dni ciljevi (svrha) projekta:<\/p>\n<ul>\n<li>Promicanje kru\u017enog gospodarstva uvo\u0111enjem resursne u\u010dinkovitosti u proizvodni ciklus i \u017eivotni vijek proizvoda, uklju\u010duju\u0107i odr\u017eivu opskrbu primarnim i sekundarnim sirovinama<\/li>\n<li>Dekarbonizacija i smanjenje emisija energetski intenzivne industrije za, uklju\u010duju\u0107i demonstraciju i uvo\u0111enje inovativnih tehnologija s niskom razinom emisija.<\/li>\n<\/ul>\n<p>U\u010dinci su sljede\u0107i:<\/p>\n<ul>\n<li>Smanjenje emisije CO2 za 52,21%<\/li>\n<li>Udio energije proizvedene iz OIE u bruto kona\u010dnoj potro\u0161nji po jedinici proizvoda 54,91%<\/li>\n<li>Udio sekundarne sirovine u proizvodnji po jedinici proizvoda: 30%<\/li>\n<li>Ukupno ostvarene u\u0161tede isporu\u010dene energije u godini m za 61,02%.<\/li>\n<\/ul>\n<p>Op\u0107i cilj projekta je poduprijeti br\u017eu i bolju prilagodbu gospodarstva trenutnim i budu\u0107im ekolo\u0161kim zahtjevima te kroz ulaganja u zelenu tranziciju i stvaranje zelenih vje\u0161tina, utjecati na smanjenje negativnih u\u010dinaka na klimu i okoli\u0161, pove\u0107anu odr\u017eivost proizvodnje, o\u010duvanje postoje\u0107ih i stvaranje novih radnih mjesta te ja\u010danje lokalne i regionalne konkurentnosti.<\/p>\n<p>Projektom se doprinosi konkurentnosti Korisnika kroz: unapre\u0111enje poslovnih, smanjenje gre\u0161aka u proizvodnji za 30%, \u0161to \u0107e rezultirati u\u0161tedama energije, vremena i materijala, rast na novim tr\u017ei\u0161tima te ja\u010danje djelatnosti na inozemnom tr\u017ei\u0161tu, pove\u0107anje kvalitete proizvoda (manja je mogu\u0107nost za ljudsku pogre\u0161ku) te dimenzija IZO stakla (pove\u0107anje ponude), pove\u0107anje zadovoljstva kupaca, smanjenje tro\u0161kova poslovanja te pove\u0107anje u\u010dinkovitosti resursa primjenom zelene tehnologije.<\/p>\n<p><strong>POVEZNICE NA RELEVANTNE INTERNETSKE STRANICE<\/strong>:<\/p>\n<p><a href=\"https:\/\/planoporavka.gov.hr\/\" target=\"_blank\" rel=\"noopener\">https:\/\/planoporavka.gov.hr\/<\/a><\/p>\n<p><a href=\"https:\/\/fondovieu.gov.hr\/\" target=\"_blank\" rel=\"noopener\">https:\/\/fondovieu.gov.hr\/<\/a><\/p>\n<p><a href=\"https:\/\/mingor.gov.hr\/\" target=\"_blank\" rel=\"noopener\">https:\/\/mingor.gov.hr\/<\/a><\/p>\n<p><a href=\"https:\/\/hamagbicro.hr\/\" target=\"_blank\" rel=\"noopener\">https:\/\/hamagbicro.hr\/<\/a><\/p>\n<p><strong><em>Sadr\u017eaj ovog materijala isklju\u010diva je odgovornost poduze\u0107a EUROSTAKLO d.o.o.<\/em><\/strong><\/p>\n<p><img decoding=\"async\" src=\"\/wp-content\/uploads\/2023\/06\/eurostaklo-bespovratne-potpore.jpg\" alt=\"bespovratne-potpore\" \/><\/p>\n<p><em>\u201eFinancira Europska unija \u2013 NextGenerationEU. Izneseni stavovi i mi\u0161ljenja samo su autorova i ne odra\u017eavaju nu\u017eno slu\u017ebena stajali\u0161ta Europske unije ili Europske komisije. Ni Europska unija ni Europska komisija ne mogu se smatrati odgovornima za njih.\u201d<\/em>[\/vc_column_text][\/vc_column][\/vc_row][vc_row][vc_column]\t\t\t<link rel=\"stylesheet\" id=\"wd-photoswipe-css\" href=\"https:\/\/eurostaklo.hr\/wp-content\/themes\/woodmart\/css\/parts\/lib-photoswipe.min.css?ver=7.5.1\" type=\"text\/css\" media=\"all\" \/> \t\t\t\t\t\t<link rel=\"stylesheet\" id=\"wd-image-gallery-css\" href=\"https:\/\/eurostaklo.hr\/wp-content\/themes\/woodmart\/css\/parts\/el-gallery.min.css?ver=7.5.1\" type=\"text\/css\" media=\"all\" \/> \t\t\t\t\t<div id=\"gallery_281\" class=\"wd-images-gallery wd-wpb wd-rs-683ad798448f1 photoswipe-images\" style=\"--wd-justify-content:center;--wd-align-items:center;\">\n\t\t\t\n\t\t\t<div class=\" wd-grid-f-col wd-masonry\" style=\"--wd-col-lg:3;--wd-col-md:3;--wd-col-sm:1;--wd-gap-lg:10px;\">\n\t\t\t\t\n\t\t\t\t\t\t\t\t\t\t\t\t\t\t\t<div class=\"wd-gallery-item wd-col\">\n\t\t\t\t\t\t\t\t\t\t\t\t\t\t<a href=\"https:\/\/eurostaklo.hr\/wp-content\/uploads\/2025\/05\/fond-es-1.webp\" data-elementor-open-lightbox=\"no\" data-index=\"1\" data-width=\"1500\" data-height=\"1125\" \n\t\t\t\t\t\t\t\t\t\t\t\t >\n\t\t\t\t\t\t\t\t\n\t\t\t\t\t\t\t\t<img loading=\"lazy\" decoding=\"async\" width=\"1500\" height=\"1125\" src=\"https:\/\/eurostaklo.hr\/wp-content\/uploads\/2025\/05\/fond-es-1.webp\" class=\"wd-gallery-image image-1\" alt=\"\" srcset=\"https:\/\/eurostaklo.hr\/wp-content\/uploads\/2025\/05\/fond-es-1.webp 1500w, https:\/\/eurostaklo.hr\/wp-content\/uploads\/2025\/05\/fond-es-1-300x225.webp 300w, https:\/\/eurostaklo.hr\/wp-content\/uploads\/2025\/05\/fond-es-1-1024x768.webp 1024w, https:\/\/eurostaklo.hr\/wp-content\/uploads\/2025\/05\/fond-es-1-768x576.webp 768w\" sizes=\"auto, (max-width: 1500px) 100vw, 1500px\" \/>\n\t\t\t\t\t\t\t\t\t\t\t\t\t\t\t<\/a>\n\t\t\t\t\t\t\t\t\t\t\t\t<\/div>\n\t\t\t\t\t\t\t\t\t\t\t<div class=\"wd-gallery-item wd-col\">\n\t\t\t\t\t\t\t\t\t\t\t\t\t\t<a href=\"https:\/\/eurostaklo.hr\/wp-content\/uploads\/2025\/05\/fond-es-2.webp\" data-elementor-open-lightbox=\"no\" data-index=\"2\" data-width=\"1500\" data-height=\"2000\" \n\t\t\t\t\t\t\t\t\t\t\t\t >\n\t\t\t\t\t\t\t\t\n\t\t\t\t\t\t\t\t<img loading=\"lazy\" decoding=\"async\" width=\"1500\" height=\"2000\" src=\"https:\/\/eurostaklo.hr\/wp-content\/uploads\/2025\/05\/fond-es-2.webp\" class=\"wd-gallery-image image-2\" alt=\"\" srcset=\"https:\/\/eurostaklo.hr\/wp-content\/uploads\/2025\/05\/fond-es-2.webp 1500w, https:\/\/eurostaklo.hr\/wp-content\/uploads\/2025\/05\/fond-es-2-225x300.webp 225w, https:\/\/eurostaklo.hr\/wp-content\/uploads\/2025\/05\/fond-es-2-768x1024.webp 768w, https:\/\/eurostaklo.hr\/wp-content\/uploads\/2025\/05\/fond-es-2-1152x1536.webp 1152w\" sizes=\"auto, (max-width: 1500px) 100vw, 1500px\" \/>\n\t\t\t\t\t\t\t\t\t\t\t\t\t\t\t<\/a>\n\t\t\t\t\t\t\t\t\t\t\t\t<\/div>\n\t\t\t\t\t\t\t\t\t\t\t<div class=\"wd-gallery-item wd-col\">\n\t\t\t\t\t\t\t\t\t\t\t\t\t\t<a href=\"https:\/\/eurostaklo.hr\/wp-content\/uploads\/2025\/05\/fond-es-5.webp\" data-elementor-open-lightbox=\"no\" data-index=\"3\" data-width=\"1500\" data-height=\"1500\" \n\t\t\t\t\t\t\t\t\t\t\t\t >\n\t\t\t\t\t\t\t\t\n\t\t\t\t\t\t\t\t<img loading=\"lazy\" decoding=\"async\" width=\"1500\" height=\"1500\" src=\"https:\/\/eurostaklo.hr\/wp-content\/uploads\/2025\/05\/fond-es-5.webp\" class=\"wd-gallery-image image-3\" alt=\"\" srcset=\"https:\/\/eurostaklo.hr\/wp-content\/uploads\/2025\/05\/fond-es-5.webp 1500w, https:\/\/eurostaklo.hr\/wp-content\/uploads\/2025\/05\/fond-es-5-300x300.webp 300w, https:\/\/eurostaklo.hr\/wp-content\/uploads\/2025\/05\/fond-es-5-1024x1024.webp 1024w, https:\/\/eurostaklo.hr\/wp-content\/uploads\/2025\/05\/fond-es-5-150x150.webp 150w, https:\/\/eurostaklo.hr\/wp-content\/uploads\/2025\/05\/fond-es-5-768x768.webp 768w\" sizes=\"auto, (max-width: 1500px) 100vw, 1500px\" \/>\n\t\t\t\t\t\t\t\t\t\t\t\t\t\t\t<\/a>\n\t\t\t\t\t\t\t\t\t\t\t\t<\/div>\n\t\t\t\t\t\t\t\t\t\t\t<div class=\"wd-gallery-item wd-col\">\n\t\t\t\t\t\t\t\t\t\t\t\t\t\t<a href=\"https:\/\/eurostaklo.hr\/wp-content\/uploads\/2025\/05\/fond-es-7.webp\" data-elementor-open-lightbox=\"no\" data-index=\"4\" data-width=\"1500\" data-height=\"693\" \n\t\t\t\t\t\t\t\t\t\t\t\t >\n\t\t\t\t\t\t\t\t\n\t\t\t\t\t\t\t\t<img loading=\"lazy\" decoding=\"async\" width=\"1500\" height=\"693\" src=\"https:\/\/eurostaklo.hr\/wp-content\/uploads\/2025\/05\/fond-es-7.webp\" class=\"wd-gallery-image image-4\" alt=\"\" srcset=\"https:\/\/eurostaklo.hr\/wp-content\/uploads\/2025\/05\/fond-es-7.webp 1500w, https:\/\/eurostaklo.hr\/wp-content\/uploads\/2025\/05\/fond-es-7-300x139.webp 300w, https:\/\/eurostaklo.hr\/wp-content\/uploads\/2025\/05\/fond-es-7-1024x473.webp 1024w, https:\/\/eurostaklo.hr\/wp-content\/uploads\/2025\/05\/fond-es-7-768x355.webp 768w\" sizes=\"auto, (max-width: 1500px) 100vw, 1500px\" \/>\n\t\t\t\t\t\t\t\t\t\t\t\t\t\t\t<\/a>\n\t\t\t\t\t\t\t\t\t\t\t\t<\/div>\n\t\t\t\t\t\t\t\t\t\t\t<div class=\"wd-gallery-item wd-col\">\n\t\t\t\t\t\t\t\t\t\t\t\t\t\t<a href=\"https:\/\/eurostaklo.hr\/wp-content\/uploads\/2025\/05\/fond-es-3.webp\" data-elementor-open-lightbox=\"no\" data-index=\"5\" data-width=\"1500\" data-height=\"1125\" \n\t\t\t\t\t\t\t\t\t\t\t\t >\n\t\t\t\t\t\t\t\t\n\t\t\t\t\t\t\t\t<img loading=\"lazy\" decoding=\"async\" width=\"1500\" height=\"1125\" src=\"https:\/\/eurostaklo.hr\/wp-content\/uploads\/2025\/05\/fond-es-3.webp\" class=\"wd-gallery-image image-5\" alt=\"\" srcset=\"https:\/\/eurostaklo.hr\/wp-content\/uploads\/2025\/05\/fond-es-3.webp 1500w, https:\/\/eurostaklo.hr\/wp-content\/uploads\/2025\/05\/fond-es-3-300x225.webp 300w, https:\/\/eurostaklo.hr\/wp-content\/uploads\/2025\/05\/fond-es-3-1024x768.webp 1024w, https:\/\/eurostaklo.hr\/wp-content\/uploads\/2025\/05\/fond-es-3-768x576.webp 768w\" sizes=\"auto, (max-width: 1500px) 100vw, 1500px\" \/>\n\t\t\t\t\t\t\t\t\t\t\t\t\t\t\t<\/a>\n\t\t\t\t\t\t\t\t\t\t\t\t<\/div>\n\t\t\t\t\t\t\t\t\t\t\t<div class=\"wd-gallery-item wd-col\">\n\t\t\t\t\t\t\t\t\t\t\t\t\t\t<a href=\"https:\/\/eurostaklo.hr\/wp-content\/uploads\/2025\/05\/fond-es-6.webp\" data-elementor-open-lightbox=\"no\" data-index=\"6\" data-width=\"1500\" data-height=\"845\" \n\t\t\t\t\t\t\t\t\t\t\t\t >\n\t\t\t\t\t\t\t\t\n\t\t\t\t\t\t\t\t<img loading=\"lazy\" decoding=\"async\" width=\"1500\" height=\"845\" src=\"https:\/\/eurostaklo.hr\/wp-content\/uploads\/2025\/05\/fond-es-6.webp\" class=\"wd-gallery-image image-6\" alt=\"\" srcset=\"https:\/\/eurostaklo.hr\/wp-content\/uploads\/2025\/05\/fond-es-6.webp 1500w, https:\/\/eurostaklo.hr\/wp-content\/uploads\/2025\/05\/fond-es-6-300x169.webp 300w, https:\/\/eurostaklo.hr\/wp-content\/uploads\/2025\/05\/fond-es-6-1024x577.webp 1024w, https:\/\/eurostaklo.hr\/wp-content\/uploads\/2025\/05\/fond-es-6-768x433.webp 768w\" sizes=\"auto, (max-width: 1500px) 100vw, 1500px\" \/>\n\t\t\t\t\t\t\t\t\t\t\t\t\t\t\t<\/a>\n\t\t\t\t\t\t\t\t\t\t\t\t<\/div>\n\t\t\t\t\t\t\t\t\t\t\t<div class=\"wd-gallery-item wd-col\">\n\t\t\t\t\t\t\t\t\t\t\t\t\t\t<a href=\"https:\/\/eurostaklo.hr\/wp-content\/uploads\/2025\/05\/fond-es-4.webp\" data-elementor-open-lightbox=\"no\" data-index=\"7\" data-width=\"1500\" data-height=\"1500\" \n\t\t\t\t\t\t\t\t\t\t\t\t >\n\t\t\t\t\t\t\t\t\n\t\t\t\t\t\t\t\t<img loading=\"lazy\" decoding=\"async\" width=\"1500\" height=\"1500\" src=\"https:\/\/eurostaklo.hr\/wp-content\/uploads\/2025\/05\/fond-es-4.webp\" class=\"wd-gallery-image image-7\" alt=\"\" srcset=\"https:\/\/eurostaklo.hr\/wp-content\/uploads\/2025\/05\/fond-es-4.webp 1500w, https:\/\/eurostaklo.hr\/wp-content\/uploads\/2025\/05\/fond-es-4-300x300.webp 300w, https:\/\/eurostaklo.hr\/wp-content\/uploads\/2025\/05\/fond-es-4-1024x1024.webp 1024w, https:\/\/eurostaklo.hr\/wp-content\/uploads\/2025\/05\/fond-es-4-150x150.webp 150w, https:\/\/eurostaklo.hr\/wp-content\/uploads\/2025\/05\/fond-es-4-768x768.webp 768w\" sizes=\"auto, (max-width: 1500px) 100vw, 1500px\" \/>\n\t\t\t\t\t\t\t\t\t\t\t\t\t\t\t<\/a>\n\t\t\t\t\t\t\t\t\t\t\t\t<\/div>\n\t\t\t\t\t\t\t\t\t\n\t\t\t\t\t\t\t<\/div>\n\n\t\t\t\t\t<\/div>\n\t\t[\/vc_column][\/vc_row]<\/p>\n<\/div>","protected":false},"excerpt":{"rendered":"<p>[vc_row][vc_column][vc_column_text woodmart_inline=&#8221;no&#8221; text_larger=&#8221;no&#8221;]NAZIV PROJEKTA: Energetski i resursno u\u010dinkovita proizvodnja poduze\u0107a EUROSTAKLO d.o.o. (NPOO.C1.1.1.R4-I1.01.0210) KORISNIK: EUROSTAKLO d.o.o., Josipa bana Jela\u010di\u0107a 121,<\/p>\n","protected":false},"author":1,"featured_media":0,"parent":0,"menu_order":0,"comment_status":"closed","ping_status":"closed","template":"","meta":{"footnotes":""},"class_list":["post-1983","page","type-page","status-publish","hentry"],"yoast_head":"<!-- This site is optimized with the Yoast SEO plugin v26.3 - https:\/\/yoast.com\/wordpress\/plugins\/seo\/ -->\n<title>Informacije o projektu - NPOO.C1.1.1.R4-I1.01.0210 - eurostaklo.hr<\/title>\n<meta name=\"robots\" content=\"index, follow, max-snippet:-1, max-image-preview:large, max-video-preview:-1\" \/>\n<link rel=\"canonical\" href=\"https:\/\/eurostaklo.hr\/en\/informacije-o-projektu-npoo-c1-1-1-r4-i1-01-0210\/\" \/>\n<meta property=\"og:locale\" content=\"en_US\" \/>\n<meta property=\"og:type\" content=\"article\" \/>\n<meta property=\"og:title\" content=\"Informacije o projektu - NPOO.C1.1.1.R4-I1.01.0210 - eurostaklo.hr\" \/>\n<meta property=\"og:description\" content=\"[vc_row][vc_column][vc_column_text woodmart_inline=&#8221;no&#8221; text_larger=&#8221;no&#8221;]NAZIV PROJEKTA: Energetski i resursno u\u010dinkovita proizvodnja poduze\u0107a EUROSTAKLO d.o.o. (NPOO.C1.1.1.R4-I1.01.0210) KORISNIK: EUROSTAKLO d.o.o., Josipa bana Jela\u010di\u0107a 121,\" \/>\n<meta property=\"og:url\" content=\"https:\/\/eurostaklo.hr\/en\/informacije-o-projektu-npoo-c1-1-1-r4-i1-01-0210\/\" \/>\n<meta property=\"og:site_name\" content=\"eurostaklo.hr\" \/>\n<meta property=\"article:modified_time\" content=\"2025-05-31T10:19:42+00:00\" \/>\n<meta name=\"twitter:card\" content=\"summary_large_image\" \/>\n<meta name=\"twitter:label1\" content=\"Est. reading time\" \/>\n\t<meta name=\"twitter:data1\" content=\"4 minutes\" \/>\n<script type=\"application\/ld+json\" class=\"yoast-schema-graph\">{\"@context\":\"https:\/\/schema.org\",\"@graph\":[{\"@type\":\"WebPage\",\"@id\":\"https:\/\/eurostaklo.hr\/en\/informacije-o-projektu-npoo-c1-1-1-r4-i1-01-0210\/\",\"url\":\"https:\/\/eurostaklo.hr\/en\/informacije-o-projektu-npoo-c1-1-1-r4-i1-01-0210\/\",\"name\":\"Informacije o projektu - NPOO.C1.1.1.R4-I1.01.0210 - eurostaklo.hr\",\"isPartOf\":{\"@id\":\"https:\/\/eurostaklo.hr\/#website\"},\"datePublished\":\"2024-03-01T01:00:23+00:00\",\"dateModified\":\"2025-05-31T10:19:42+00:00\",\"breadcrumb\":{\"@id\":\"https:\/\/eurostaklo.hr\/en\/informacije-o-projektu-npoo-c1-1-1-r4-i1-01-0210\/#breadcrumb\"},\"inLanguage\":\"en-US\",\"potentialAction\":[{\"@type\":\"ReadAction\",\"target\":[\"https:\/\/eurostaklo.hr\/en\/informacije-o-projektu-npoo-c1-1-1-r4-i1-01-0210\/\"]}]},{\"@type\":\"BreadcrumbList\",\"@id\":\"https:\/\/eurostaklo.hr\/en\/informacije-o-projektu-npoo-c1-1-1-r4-i1-01-0210\/#breadcrumb\",\"itemListElement\":[{\"@type\":\"ListItem\",\"position\":1,\"name\":\"Home\",\"item\":\"https:\/\/eurostaklo.hr\/en\/\"},{\"@type\":\"ListItem\",\"position\":2,\"name\":\"Informacije o projektu &#8211; NPOO.C1.1.1.R4-I1.01.0210\"}]},{\"@type\":\"WebSite\",\"@id\":\"https:\/\/eurostaklo.hr\/#website\",\"url\":\"https:\/\/eurostaklo.hr\/\",\"name\":\"eurostaklo.hr\",\"description\":\"Feel The Glass\",\"publisher\":{\"@id\":\"https:\/\/eurostaklo.hr\/#organization\"},\"potentialAction\":[{\"@type\":\"SearchAction\",\"target\":{\"@type\":\"EntryPoint\",\"urlTemplate\":\"https:\/\/eurostaklo.hr\/?s={search_term_string}\"},\"query-input\":{\"@type\":\"PropertyValueSpecification\",\"valueRequired\":true,\"valueName\":\"search_term_string\"}}],\"inLanguage\":\"en-US\"},{\"@type\":\"Organization\",\"@id\":\"https:\/\/eurostaklo.hr\/#organization\",\"name\":\"eurostaklo.hr\",\"url\":\"https:\/\/eurostaklo.hr\/\",\"logo\":{\"@type\":\"ImageObject\",\"inLanguage\":\"en-US\",\"@id\":\"https:\/\/eurostaklo.hr\/#\/schema\/logo\/image\/\",\"url\":\"https:\/\/eurostaklo.hr\/wp-content\/uploads\/2023\/04\/eurostaklo-logo-png.png\",\"contentUrl\":\"https:\/\/eurostaklo.hr\/wp-content\/uploads\/2023\/04\/eurostaklo-logo-png.png\",\"width\":400,\"height\":84,\"caption\":\"eurostaklo.hr\"},\"image\":{\"@id\":\"https:\/\/eurostaklo.hr\/#\/schema\/logo\/image\/\"},\"sameAs\":[\"https:\/\/www.instagram.com\/eurostaklo\/\"]}]}<\/script>\n<!-- \/ Yoast SEO plugin. -->","yoast_head_json":{"title":"Informacije o projektu - NPOO.C1.1.1.R4-I1.01.0210 - eurostaklo.hr","robots":{"index":"index","follow":"follow","max-snippet":"max-snippet:-1","max-image-preview":"max-image-preview:large","max-video-preview":"max-video-preview:-1"},"canonical":"https:\/\/eurostaklo.hr\/en\/informacije-o-projektu-npoo-c1-1-1-r4-i1-01-0210\/","og_locale":"en_US","og_type":"article","og_title":"Informacije o projektu - NPOO.C1.1.1.R4-I1.01.0210 - eurostaklo.hr","og_description":"[vc_row][vc_column][vc_column_text woodmart_inline=&#8221;no&#8221; text_larger=&#8221;no&#8221;]NAZIV PROJEKTA: Energetski i resursno u\u010dinkovita proizvodnja poduze\u0107a EUROSTAKLO d.o.o. (NPOO.C1.1.1.R4-I1.01.0210) KORISNIK: EUROSTAKLO d.o.o., Josipa bana Jela\u010di\u0107a 121,","og_url":"https:\/\/eurostaklo.hr\/en\/informacije-o-projektu-npoo-c1-1-1-r4-i1-01-0210\/","og_site_name":"eurostaklo.hr","article_modified_time":"2025-05-31T10:19:42+00:00","twitter_card":"summary_large_image","twitter_misc":{"Est. reading time":"4 minutes"},"schema":{"@context":"https:\/\/schema.org","@graph":[{"@type":"WebPage","@id":"https:\/\/eurostaklo.hr\/en\/informacije-o-projektu-npoo-c1-1-1-r4-i1-01-0210\/","url":"https:\/\/eurostaklo.hr\/en\/informacije-o-projektu-npoo-c1-1-1-r4-i1-01-0210\/","name":"Informacije o projektu - NPOO.C1.1.1.R4-I1.01.0210 - eurostaklo.hr","isPartOf":{"@id":"https:\/\/eurostaklo.hr\/#website"},"datePublished":"2024-03-01T01:00:23+00:00","dateModified":"2025-05-31T10:19:42+00:00","breadcrumb":{"@id":"https:\/\/eurostaklo.hr\/en\/informacije-o-projektu-npoo-c1-1-1-r4-i1-01-0210\/#breadcrumb"},"inLanguage":"en-US","potentialAction":[{"@type":"ReadAction","target":["https:\/\/eurostaklo.hr\/en\/informacije-o-projektu-npoo-c1-1-1-r4-i1-01-0210\/"]}]},{"@type":"BreadcrumbList","@id":"https:\/\/eurostaklo.hr\/en\/informacije-o-projektu-npoo-c1-1-1-r4-i1-01-0210\/#breadcrumb","itemListElement":[{"@type":"ListItem","position":1,"name":"Home","item":"https:\/\/eurostaklo.hr\/en\/"},{"@type":"ListItem","position":2,"name":"Informacije o projektu &#8211; NPOO.C1.1.1.R4-I1.01.0210"}]},{"@type":"WebSite","@id":"https:\/\/eurostaklo.hr\/#website","url":"https:\/\/eurostaklo.hr\/","name":"eurostaklo.hr","description":"Feel The Glass","publisher":{"@id":"https:\/\/eurostaklo.hr\/#organization"},"potentialAction":[{"@type":"SearchAction","target":{"@type":"EntryPoint","urlTemplate":"https:\/\/eurostaklo.hr\/?s={search_term_string}"},"query-input":{"@type":"PropertyValueSpecification","valueRequired":true,"valueName":"search_term_string"}}],"inLanguage":"en-US"},{"@type":"Organization","@id":"https:\/\/eurostaklo.hr\/#organization","name":"eurostaklo.hr","url":"https:\/\/eurostaklo.hr\/","logo":{"@type":"ImageObject","inLanguage":"en-US","@id":"https:\/\/eurostaklo.hr\/#\/schema\/logo\/image\/","url":"https:\/\/eurostaklo.hr\/wp-content\/uploads\/2023\/04\/eurostaklo-logo-png.png","contentUrl":"https:\/\/eurostaklo.hr\/wp-content\/uploads\/2023\/04\/eurostaklo-logo-png.png","width":400,"height":84,"caption":"eurostaklo.hr"},"image":{"@id":"https:\/\/eurostaklo.hr\/#\/schema\/logo\/image\/"},"sameAs":["https:\/\/www.instagram.com\/eurostaklo\/"]}]}},"_links":{"self":[{"href":"https:\/\/eurostaklo.hr\/en\/wp-json\/wp\/v2\/pages\/1983","targetHints":{"allow":["GET"]}}],"collection":[{"href":"https:\/\/eurostaklo.hr\/en\/wp-json\/wp\/v2\/pages"}],"about":[{"href":"https:\/\/eurostaklo.hr\/en\/wp-json\/wp\/v2\/types\/page"}],"author":[{"embeddable":true,"href":"https:\/\/eurostaklo.hr\/en\/wp-json\/wp\/v2\/users\/1"}],"replies":[{"embeddable":true,"href":"https:\/\/eurostaklo.hr\/en\/wp-json\/wp\/v2\/comments?post=1983"}],"version-history":[{"count":2,"href":"https:\/\/eurostaklo.hr\/en\/wp-json\/wp\/v2\/pages\/1983\/revisions"}],"predecessor-version":[{"id":2102,"href":"https:\/\/eurostaklo.hr\/en\/wp-json\/wp\/v2\/pages\/1983\/revisions\/2102"}],"wp:attachment":[{"href":"https:\/\/eurostaklo.hr\/en\/wp-json\/wp\/v2\/media?parent=1983"}],"curies":[{"name":"wp","href":"https:\/\/api.w.org\/{rel}","templated":true}]}}